{"id":45,"date":"2024-11-06T18:26:02","date_gmt":"2024-11-06T23:26:02","guid":{"rendered":"https:\/\/lajangadamazonas.com\/?page_id=45"},"modified":"2024-12-20T12:33:01","modified_gmt":"2024-12-20T17:33:01","slug":"aventura-por-el-rio-calderon","status":"publish","type":"page","link":"https:\/\/www.lajangadamazonas.com\/spanish\/aventura-por-el-rio-calderon\/","title":{"rendered":"Aventura por el r\u00edo Calder\u00f3n"},"content":{"rendered":"<div class=\"wpb-content-wrapper\"><p>[vc_row full_width=&#8221;stretch_row_content_no_spaces&#8221; css_animation=&#8221;zoomIn&#8221; css=&#8221;.vc_custom_1730986240341{padding-top: 6% !important;padding-right: 8% !important;padding-bottom: 3% !important;padding-left: 8% !important;}&#8221; conditional_render=&#8221;%5B%7B%22value_role%22%3A%22administrator%22%7D%5D&#8221; el_class=&#8221;seo-block-home text-center color-white&#8221;][vc_column][vc_row_inner][vc_column_inner][vc_column_text]<\/p>\n<p class=\"titulo\" style=\"color: #ffffff; font-size: 25pt; font-weight: 800; line-height: 1.2; text-align: center;\">AVENTURA POR EL R\u00cdO CALDER\u00d3N<\/p>\n<p class=\"sub\" style=\"text-align: center; color: #ffffff; font-size: 18pt;\">Una experiencia extrema de selva y r\u00edo<\/p>\n<p>[\/vc_column_text][\/vc_column_inner][\/vc_row_inner][\/vc_column][\/vc_row][vc_row content_placement=&#8221;middle&#8221; conditional_render=&#8221;%5B%7B%22value_role%22%3A%22administrator%22%7D%5D&#8221; css=&#8221;.vc_custom_1730943468620{margin-top: 6% !important;}&#8221;][vc_column width=&#8221;2\/3&#8243;][vc_column_text]<\/p>\n<p style=\"font-size: 15pt; text-align: justify;\"><strong>Descripci\u00f3n del tour<\/strong><\/p>\n<p>[\/vc_column_text][vc_column_text css_animation=&#8221;zoomIn&#8221;]<\/p>\n<p style=\"font-size: 12pt; text-align: justify;\">Buena condici\u00f3n f\u00edsica y muchas ganas de aventura necesitas para permitir\u00e1 experienciar la selva de muchas maneras, tanto caminando a buen ritmo a trav\u00e9s del bosque secundario y primario como disfrutando del r\u00edo en un lugar remoto. Los gu\u00edas experimentados te ayudar\u00e1n con el equipaje durante las caminatas, y te ense\u00f1ar\u00e1n sobre la fauna que te rodea, as\u00ed como sobre las plantas medicinales, sus propiedades y usos en las ancestrales culturas del lugar.<\/p>\n<p style=\"font-size: 12pt; text-align: justify;\">En el rio Calder\u00f3n, probar\u00e1s suerte pescando de manera tradicional, y tal vez comiendo el fruto de tu propia pesca. Seg\u00fan las condiciones clim\u00e1ticas, la caminata puede ser exigente, pero siempre divertida, y har\u00e1 que ba\u00f1arse en las quebradas o en el r\u00edo te sepan m\u00e1s delicioso a\u00fan. Las noches tambi\u00e9n ser\u00e1n muy aventureras. sea por caminata \u043e safari nocturnos, durante los cuales podr\u00e1s observar animales y hasta quiz\u00e1s un caim\u00e1n en temporada de aguas altas.<\/p>\n<p style=\"font-size: 12pt; text-align: justify;\">Finalmente, las acampadas en medio de la selva virgen te permitir\u00e1n descubrir c\u00f3mo crear un ambiente c\u00f3modo en un medio agreste.<\/p>\n<p>[\/vc_column_text][vc_column_text css_animation=&#8221;zoomIn&#8221;]<\/p>\n<p style=\"text-align: left;\"><a style=\"text-decoration: none;\" href=\"https:\/\/api.whatsapp.com\/send\/?phone=573124510758&amp;text=Hola%21+Quiero+m%C3%A1s+informaci%C3%B3n+del+tour+AVENTURA+POR+EL+R\u00cdO+CALDER\u00d3N&amp;type=phone_number&amp;app_absent=0\" target=\"_blank\" rel=\"noopener\"><span class=\"ver\">Reservar Tours<\/span><\/a><\/p>\n<p>[\/vc_column_text][\/vc_column][vc_column width=&#8221;1\/3&#8243;][vc_single_image image=&#8221;242&#8243; img_size=&#8221;full&#8221; animation_type=&#8221;zoomIn&#8221;][\/vc_column][\/vc_row][vc_row conditional_render=&#8221;%5B%7B%22value_role%22%3A%22administrator%22%7D%5D&#8221; css=&#8221;.vc_custom_1730982738786{margin-top: 3% !important;margin-bottom: 3% !important;}&#8221;][vc_column width=&#8221;1\/3&#8243; css=&#8221;.vc_custom_1730982491386{margin-right: 1% !important;padding-top: 4% !important;padding-right: 2% !important;padding-bottom: 2% !important;padding-left: 2% !important;background-color: rgba(251,192,57,0.2) !important;*background-color: rgb(251,192,57) !important;border-radius: 10px !important;}&#8221; conditional_render=&#8221;%5B%7B%22value_role%22%3A%22administrator%22%7D%5D&#8221;][vc_column_text css_animation=&#8221;zoomIn&#8221;]<\/p>\n<p style=\"font-size: 14pt; text-align: justify;\"><strong>Actividades<\/strong><br \/>\n(*sujetas al clima)<\/p>\n<p>[\/vc_column_text]<div class=\"porto-sicon-box  wpb_custom_1543d1bda5a3ba5dc903bfde08372dc2 style_1 default-icon\" data-appear-animation=\"zoomIn\"><div class=\"porto-sicon-default\"><div class=\"porto-just-icon-wrapper porto-icon none\" style=\"font-size:20px;\"><i class=\"far fa-arrow-alt-circle-right\"><\/i><\/div><\/div><div class=\"porto-sicon-header\"><h3 class=\"porto-sicon-title\" style=\"\">Caminata en selva diurna 6-8h\/dia<\/h3><\/div> <!-- header --><\/div><!-- porto-sicon-box --><div class=\"porto-sicon-box  wpb_custom_1543d1bda5a3ba5dc903bfde08372dc2 style_1 default-icon\" data-appear-animation=\"zoomIn\"><div class=\"porto-sicon-default\"><div class=\"porto-just-icon-wrapper porto-icon none\" style=\"font-size:20px;\"><i class=\"far fa-arrow-alt-circle-right\"><\/i><\/div><\/div><div class=\"porto-sicon-header\"><h3 class=\"porto-sicon-title\" style=\"\">Reconocimiento de flora y fauna<\/h3><\/div> <!-- header --><\/div><!-- porto-sicon-box --><div class=\"porto-sicon-box  wpb_custom_1543d1bda5a3ba5dc903bfde08372dc2 style_1 default-icon\" data-appear-animation=\"zoomIn\"><div class=\"porto-sicon-default\"><div class=\"porto-just-icon-wrapper porto-icon none\" style=\"font-size:20px;\"><i class=\"far fa-arrow-alt-circle-right\"><\/i><\/div><\/div><div class=\"porto-sicon-header\"><h3 class=\"porto-sicon-title\" style=\"\">Campamento, comidas y noche en selva<\/h3><\/div> <!-- header --><\/div><!-- porto-sicon-box --><div class=\"porto-sicon-box  wpb_custom_1543d1bda5a3ba5dc903bfde08372dc2 style_1 default-icon\" data-appear-animation=\"zoomIn\"><div class=\"porto-sicon-default\"><div class=\"porto-just-icon-wrapper porto-icon none\" style=\"font-size:20px;\"><i class=\"far fa-arrow-alt-circle-right\"><\/i><\/div><\/div><div class=\"porto-sicon-header\"><h3 class=\"porto-sicon-title\" style=\"\">Caminatas nocturnas<\/h3><\/div> <!-- header --><\/div><!-- porto-sicon-box --><div class=\"porto-sicon-box  wpb_custom_1543d1bda5a3ba5dc903bfde08372dc2 style_1 default-icon\" data-appear-animation=\"zoomIn\"><div class=\"porto-sicon-default\"><div class=\"porto-just-icon-wrapper porto-icon none\" style=\"font-size:20px;\"><i class=\"far fa-arrow-alt-circle-right\"><\/i><\/div><\/div><div class=\"porto-sicon-header\"><h3 class=\"porto-sicon-title\" style=\"\">Ba\u00f1o en aguas naturales<\/h3><\/div> <!-- header --><\/div><!-- porto-sicon-box --><div class=\"porto-sicon-box  wpb_custom_1543d1bda5a3ba5dc903bfde08372dc2 style_1 default-icon\" data-appear-animation=\"zoomIn\"><div class=\"porto-sicon-default\"><div class=\"porto-just-icon-wrapper porto-icon none\" style=\"font-size:20px;\"><i class=\"far fa-arrow-alt-circle-right\"><\/i><\/div><\/div><div class=\"porto-sicon-header\"><h3 class=\"porto-sicon-title\" style=\"\">Pesca artesanal<\/h3><\/div> <!-- header --><\/div><!-- porto-sicon-box --><div class=\"porto-sicon-box  wpb_custom_1543d1bda5a3ba5dc903bfde08372dc2 style_1 default-icon\" data-appear-animation=\"zoomIn\"><div class=\"porto-sicon-default\"><div class=\"porto-just-icon-wrapper porto-icon none\" style=\"font-size:20px;\"><i class=\"far fa-arrow-alt-circle-right\"><\/i><\/div><\/div><div class=\"porto-sicon-header\"><h3 class=\"porto-sicon-title\" style=\"\">Paseo en bote por el rio Calder\u00f3n<\/h3><\/div> <!-- header --><\/div><!-- porto-sicon-box --><div class=\"porto-sicon-box  wpb_custom_1543d1bda5a3ba5dc903bfde08372dc2 style_1 default-icon\" data-appear-animation=\"zoomIn\"><div class=\"porto-sicon-default\"><div class=\"porto-just-icon-wrapper porto-icon none\" style=\"font-size:20px;\"><i class=\"far fa-arrow-alt-circle-right\"><\/i><\/div><\/div><div class=\"porto-sicon-header\"><h3 class=\"porto-sicon-title\" style=\"\">Safari nocturno en bote<\/h3><\/div> <!-- header --><\/div><!-- porto-sicon-box --><div class=\"porto-sicon-box  wpb_custom_1543d1bda5a3ba5dc903bfde08372dc2 style_1 default-icon\" data-appear-animation=\"zoomIn\"><div class=\"porto-sicon-default\"><div class=\"porto-just-icon-wrapper porto-icon none\" style=\"font-size:20px;\"><i class=\"far fa-arrow-alt-circle-right\"><\/i><\/div><\/div><div class=\"porto-sicon-header\"><h3 class=\"porto-sicon-title\" style=\"\">Avistamiento de caimanes<\/h3><\/div> <!-- header --><\/div><!-- porto-sicon-box -->[\/vc_column][vc_column width=&#8221;1\/3&#8243; css=&#8221;.vc_custom_1730980658730{margin-right: 1% !important;padding-top: 4% !important;padding-right: 2% !important;padding-left: 2% !important;background-color: rgba(5,148,88,0.15) !important;*background-color: rgb(5,148,88) !important;border-radius: 10px !important;}&#8221; conditional_render=&#8221;%5B%7B%22value_role%22%3A%22administrator%22%7D%5D&#8221;][vc_column_text css_animation=&#8221;zoomIn&#8221;]<\/p>\n<p style=\"font-size: 14pt; text-align: justify;\"><strong>Precios por persona<\/strong><\/p>\n<p>[\/vc_column_text][vc_column_text css_animation=&#8221;zoomIn&#8221;]<\/p>\n<table class=\"table\">\n<thead>\n<tr>\n<th style=\"text-align: center;\" scope=\"col\">N\u00b0 de personas<\/th>\n<th style=\"text-align: center;\" scope=\"col\">3 D\u00eda 2 noche<\/th>\n<th style=\"text-align: center;\" scope=\"col\">4 Dia 3 noche<\/th>\n<th style=\"text-align: center;\" scope=\"col\">5 Dia 4 noche<\/th>\n<\/tr>\n<\/thead>\n<tbody>\n<tr>\n<th style=\"text-align: center;\" scope=\"row\">1<\/th>\n<td style=\"text-align: center;\">1.500.000 COP<\/td>\n<td style=\"text-align: center;\">1.750.000 COP<\/td>\n<td style=\"text-align: center;\">2.000.000 COP<\/td>\n<\/tr>\n<tr>\n<th style=\"text-align: center;\" scope=\"row\">2<\/th>\n<td style=\"text-align: center;\">1.350.000 COP<\/td>\n<td style=\"text-align: center;\">1.500.000 COP<\/td>\n<td style=\"text-align: center;\">1.740.000 COP<\/td>\n<\/tr>\n<tr>\n<th style=\"text-align: center;\" scope=\"row\">3<\/th>\n<td style=\"text-align: center;\">1.250.000 COP<\/td>\n<td style=\"text-align: center;\">1.350.000 COP<\/td>\n<td style=\"text-align: center;\">1.500.000 COP<\/td>\n<\/tr>\n<tr>\n<th style=\"text-align: center;\" scope=\"row\">4<\/th>\n<td style=\"text-align: center;\">1.100.000 COP<\/td>\n<td style=\"text-align: center;\">1.250.000 COP<\/td>\n<td style=\"text-align: center;\">1.350.000 COP<\/td>\n<\/tr>\n<tr>\n<th style=\"text-align: center;\" scope=\"row\">5<\/th>\n<td style=\"text-align: center;\">1.000.000 COP<\/td>\n<td style=\"text-align: center;\">1.100.000 COP<\/td>\n<td style=\"text-align: center;\">1.200.000 COP<\/td>\n<\/tr>\n<\/tbody>\n<\/table>\n<p>[\/vc_column_text][\/vc_column][vc_column width=&#8221;1\/3&#8243; css=&#8221;.vc_custom_1730980641993{padding-top: 4% !important;padding-right: 2% !important;padding-left: 2% !important;background-color: rgba(35,101,163,0.15) !important;*background-color: rgb(35,101,163) !important;border-radius: 10px !important;}&#8221; conditional_render=&#8221;%5B%7B%22value_role%22%3A%22administrator%22%7D%5D&#8221;][vc_column_text css_animation=&#8221;zoomIn&#8221;]<\/p>\n<p style=\"font-size: 14pt; text-align: left;\"><strong>Resumen del tour<\/strong><\/p>\n<p>[\/vc_column_text][vc_column_text css_animation=&#8221;zoomIn&#8221;]<img decoding=\"async\" class=\"alignnone size-medium wp-image-147\" src=\"https:\/\/www.lajangadamazonas.com\/spanish\/wp-content\/uploads\/2024\/11\/calderon.png\" alt=\"\" width=\"100%\" height=\"NaN\" \/>[\/vc_column_text][\/vc_column][\/vc_row]<\/p>\n<\/div>","protected":false},"excerpt":{"rendered":"<p>[vc_row full_width=&#8221;stretch_row_content_no_spaces&#8221; css_animation=&#8221;zoomIn&#8221; css=&#8221;.vc_custom_1730986240341{padding-top: 6% !important;padding-right: 8% !important;padding-bottom: 3% !important;padding-left: 8% !important;}&#8221; conditional_render=&#8221;%5B%7B%22value_role%22%3A%22administrator%22%7D%5D&#8221; el_class=&#8221;seo-block-home text-center color-white&#8221;][vc_column][vc_row_inner][vc_column_inner][vc_column_text] AVENTURA POR EL R\u00cdO CALDER\u00d3N Una experiencia extrema de selva y r\u00edo [\/vc_column_text][\/vc_column_inner][\/vc_row_inner][\/vc_column][\/vc_row][vc_row content_placement=&#8221;middle&#8221; conditional_render=&#8221;%5B%7B%22value_role%22%3A%22administrator%22%7D%5D&#8221; css=&#8221;.vc_custom_1730943468620{margin-top: 6% !important;}&#8221;][vc_column width=&#8221;2\/3&#8243;][vc_column_text] Descripci\u00f3n del tour [\/vc_column_text][vc_column_text css_animation=&#8221;zoomIn&#8221;] Buena condici\u00f3n f\u00edsica y muchas ganas de aventura necesitas para permitir\u00e1 experienciar la selva de [&hellip;]<\/p>\n","protected":false},"author":1,"featured_media":0,"parent":0,"menu_order":0,"comment_status":"closed","ping_status":"closed","template":"","meta":{"_joinchat":[],"footnotes":""},"class_list":["post-45","page","type-page","status-publish","hentry"],"yoast_head":"<!-- This site is optimized with the Yoast SEO plugin v27.1.1 - https:\/\/yoast.com\/product\/yoast-seo-wordpress\/ -->\n<title>Aventura por el r\u00edo Calder\u00f3n - La Jangadamazonas<\/title>\n<meta name=\"robots\" content=\"index, follow, max-snippet:-1, max-image-preview:large, max-video-preview:-1\" \/>\n<link rel=\"canonical\" href=\"https:\/\/www.lajangadamazonas.com\/spanish\/aventura-por-el-rio-calderon\/\" \/>\n<meta property=\"og:locale\" content=\"es_ES\" \/>\n<meta property=\"og:type\" content=\"article\" \/>\n<meta property=\"og:title\" content=\"Aventura por el r\u00edo Calder\u00f3n - La Jangadamazonas\" \/>\n<meta property=\"og:description\" content=\"[vc_row full_width=&#8221;stretch_row_content_no_spaces&#8221; css_animation=&#8221;zoomIn&#8221; css=&#8221;.vc_custom_1730986240341{padding-top: 6% !important;padding-right: 8% !important;padding-bottom: 3% !important;padding-left: 8% !important;}&#8221; conditional_render=&#8221;%5B%7B%22value_role%22%3A%22administrator%22%7D%5D&#8221; el_class=&#8221;seo-block-home text-center color-white&#8221;][vc_column][vc_row_inner][vc_column_inner][vc_column_text] AVENTURA POR EL R\u00cdO CALDER\u00d3N Una experiencia extrema de selva y r\u00edo [\/vc_column_text][\/vc_column_inner][\/vc_row_inner][\/vc_column][\/vc_row][vc_row content_placement=&#8221;middle&#8221; conditional_render=&#8221;%5B%7B%22value_role%22%3A%22administrator%22%7D%5D&#8221; css=&#8221;.vc_custom_1730943468620{margin-top: 6% !important;}&#8221;][vc_column width=&#8221;2\/3&#8243;][vc_column_text] Descripci\u00f3n del tour [\/vc_column_text][vc_column_text css_animation=&#8221;zoomIn&#8221;] Buena condici\u00f3n f\u00edsica y muchas ganas de aventura necesitas para permitir\u00e1 experienciar la selva de [&hellip;]\" \/>\n<meta property=\"og:url\" content=\"https:\/\/www.lajangadamazonas.com\/spanish\/aventura-por-el-rio-calderon\/\" \/>\n<meta property=\"og:site_name\" content=\"La Jangadamazonas\" \/>\n<meta property=\"article:publisher\" content=\"https:\/\/www.facebook.com\/LaJangada\/?profile_tab_item_selected=about&amp;_rdr\" \/>\n<meta property=\"article:modified_time\" content=\"2024-12-20T17:33:01+00:00\" \/>\n<meta property=\"og:image\" content=\"https:\/\/www.lajangadamazonas.com\/spanish\/wp-content\/uploads\/2024\/11\/calderon.png\" \/>\n<meta name=\"twitter:card\" content=\"summary_large_image\" \/>\n<meta name=\"twitter:label1\" content=\"Tiempo de lectura\" \/>\n\t<meta name=\"twitter:data1\" content=\"3 minutos\" \/>\n<script type=\"application\/ld+json\" class=\"yoast-schema-graph\">{\"@context\":\"https:\/\/schema.org\",\"@graph\":[{\"@type\":\"WebPage\",\"@id\":\"https:\/\/www.lajangadamazonas.com\/spanish\/aventura-por-el-rio-calderon\/\",\"url\":\"https:\/\/www.lajangadamazonas.com\/spanish\/aventura-por-el-rio-calderon\/\",\"name\":\"Aventura por el r\u00edo Calder\u00f3n - La Jangadamazonas\",\"isPartOf\":{\"@id\":\"https:\/\/www.lajangadamazonas.com\/spanish\/#website\"},\"primaryImageOfPage\":{\"@id\":\"https:\/\/www.lajangadamazonas.com\/spanish\/aventura-por-el-rio-calderon\/#primaryimage\"},\"image\":{\"@id\":\"https:\/\/www.lajangadamazonas.com\/spanish\/aventura-por-el-rio-calderon\/#primaryimage\"},\"thumbnailUrl\":\"https:\/\/www.lajangadamazonas.com\/spanish\/wp-content\/uploads\/2024\/11\/calderon.png\",\"datePublished\":\"2024-11-06T23:26:02+00:00\",\"dateModified\":\"2024-12-20T17:33:01+00:00\",\"breadcrumb\":{\"@id\":\"https:\/\/www.lajangadamazonas.com\/spanish\/aventura-por-el-rio-calderon\/#breadcrumb\"},\"inLanguage\":\"es-CO\",\"potentialAction\":[{\"@type\":\"ReadAction\",\"target\":[\"https:\/\/www.lajangadamazonas.com\/spanish\/aventura-por-el-rio-calderon\/\"]}]},{\"@type\":\"ImageObject\",\"inLanguage\":\"es-CO\",\"@id\":\"https:\/\/www.lajangadamazonas.com\/spanish\/aventura-por-el-rio-calderon\/#primaryimage\",\"url\":\"https:\/\/www.lajangadamazonas.com\/spanish\/wp-content\/uploads\/2024\/11\/lagos.png\",\"contentUrl\":\"https:\/\/www.lajangadamazonas.com\/spanish\/wp-content\/uploads\/2024\/11\/lagos.png\",\"width\":341,\"height\":315},{\"@type\":\"BreadcrumbList\",\"@id\":\"https:\/\/www.lajangadamazonas.com\/spanish\/aventura-por-el-rio-calderon\/#breadcrumb\",\"itemListElement\":[{\"@type\":\"ListItem\",\"position\":1,\"name\":\"Inicio\",\"item\":\"https:\/\/www.lajangadamazonas.com\/spanish\/\"},{\"@type\":\"ListItem\",\"position\":2,\"name\":\"Aventura por el r\u00edo Calder\u00f3n\"}]},{\"@type\":\"WebSite\",\"@id\":\"https:\/\/www.lajangadamazonas.com\/spanish\/#website\",\"url\":\"https:\/\/www.lajangadamazonas.com\/spanish\/\",\"name\":\"La Jangadamazonas\",\"description\":\"Planes tur\u00edsticos en el Amazonas\",\"potentialAction\":[{\"@type\":\"SearchAction\",\"target\":{\"@type\":\"EntryPoint\",\"urlTemplate\":\"https:\/\/www.lajangadamazonas.com\/spanish\/?s={search_term_string}\"},\"query-input\":{\"@type\":\"PropertyValueSpecification\",\"valueRequired\":true,\"valueName\":\"search_term_string\"}}],\"inLanguage\":\"es-CO\"}]}<\/script>\n<!-- \/ Yoast SEO plugin. -->","yoast_head_json":{"title":"Aventura por el r\u00edo Calder\u00f3n - La Jangadamazonas","robots":{"index":"index","follow":"follow","max-snippet":"max-snippet:-1","max-image-preview":"max-image-preview:large","max-video-preview":"max-video-preview:-1"},"canonical":"https:\/\/www.lajangadamazonas.com\/spanish\/aventura-por-el-rio-calderon\/","og_locale":"es_ES","og_type":"article","og_title":"Aventura por el r\u00edo Calder\u00f3n - La Jangadamazonas","og_description":"[vc_row full_width=&#8221;stretch_row_content_no_spaces&#8221; css_animation=&#8221;zoomIn&#8221; css=&#8221;.vc_custom_1730986240341{padding-top: 6% !important;padding-right: 8% !important;padding-bottom: 3% !important;padding-left: 8% !important;}&#8221; conditional_render=&#8221;%5B%7B%22value_role%22%3A%22administrator%22%7D%5D&#8221; el_class=&#8221;seo-block-home text-center color-white&#8221;][vc_column][vc_row_inner][vc_column_inner][vc_column_text] AVENTURA POR EL R\u00cdO CALDER\u00d3N Una experiencia extrema de selva y r\u00edo [\/vc_column_text][\/vc_column_inner][\/vc_row_inner][\/vc_column][\/vc_row][vc_row content_placement=&#8221;middle&#8221; conditional_render=&#8221;%5B%7B%22value_role%22%3A%22administrator%22%7D%5D&#8221; css=&#8221;.vc_custom_1730943468620{margin-top: 6% !important;}&#8221;][vc_column width=&#8221;2\/3&#8243;][vc_column_text] Descripci\u00f3n del tour [\/vc_column_text][vc_column_text css_animation=&#8221;zoomIn&#8221;] Buena condici\u00f3n f\u00edsica y muchas ganas de aventura necesitas para permitir\u00e1 experienciar la selva de [&hellip;]","og_url":"https:\/\/www.lajangadamazonas.com\/spanish\/aventura-por-el-rio-calderon\/","og_site_name":"La Jangadamazonas","article_publisher":"https:\/\/www.facebook.com\/LaJangada\/?profile_tab_item_selected=about&_rdr","article_modified_time":"2024-12-20T17:33:01+00:00","og_image":[{"url":"https:\/\/www.lajangadamazonas.com\/spanish\/wp-content\/uploads\/2024\/11\/calderon.png","type":"","width":"","height":""}],"twitter_card":"summary_large_image","twitter_misc":{"Tiempo de lectura":"3 minutos"},"schema":{"@context":"https:\/\/schema.org","@graph":[{"@type":"WebPage","@id":"https:\/\/www.lajangadamazonas.com\/spanish\/aventura-por-el-rio-calderon\/","url":"https:\/\/www.lajangadamazonas.com\/spanish\/aventura-por-el-rio-calderon\/","name":"Aventura por el r\u00edo Calder\u00f3n - La Jangadamazonas","isPartOf":{"@id":"https:\/\/www.lajangadamazonas.com\/spanish\/#website"},"primaryImageOfPage":{"@id":"https:\/\/www.lajangadamazonas.com\/spanish\/aventura-por-el-rio-calderon\/#primaryimage"},"image":{"@id":"https:\/\/www.lajangadamazonas.com\/spanish\/aventura-por-el-rio-calderon\/#primaryimage"},"thumbnailUrl":"https:\/\/www.lajangadamazonas.com\/spanish\/wp-content\/uploads\/2024\/11\/calderon.png","datePublished":"2024-11-06T23:26:02+00:00","dateModified":"2024-12-20T17:33:01+00:00","breadcrumb":{"@id":"https:\/\/www.lajangadamazonas.com\/spanish\/aventura-por-el-rio-calderon\/#breadcrumb"},"inLanguage":"es-CO","potentialAction":[{"@type":"ReadAction","target":["https:\/\/www.lajangadamazonas.com\/spanish\/aventura-por-el-rio-calderon\/"]}]},{"@type":"ImageObject","inLanguage":"es-CO","@id":"https:\/\/www.lajangadamazonas.com\/spanish\/aventura-por-el-rio-calderon\/#primaryimage","url":"https:\/\/www.lajangadamazonas.com\/spanish\/wp-content\/uploads\/2024\/11\/lagos.png","contentUrl":"https:\/\/www.lajangadamazonas.com\/spanish\/wp-content\/uploads\/2024\/11\/lagos.png","width":341,"height":315},{"@type":"BreadcrumbList","@id":"https:\/\/www.lajangadamazonas.com\/spanish\/aventura-por-el-rio-calderon\/#breadcrumb","itemListElement":[{"@type":"ListItem","position":1,"name":"Inicio","item":"https:\/\/www.lajangadamazonas.com\/spanish\/"},{"@type":"ListItem","position":2,"name":"Aventura por el r\u00edo Calder\u00f3n"}]},{"@type":"WebSite","@id":"https:\/\/www.lajangadamazonas.com\/spanish\/#website","url":"https:\/\/www.lajangadamazonas.com\/spanish\/","name":"La Jangadamazonas","description":"Planes tur\u00edsticos en el Amazonas","potentialAction":[{"@type":"SearchAction","target":{"@type":"EntryPoint","urlTemplate":"https:\/\/www.lajangadamazonas.com\/spanish\/?s={search_term_string}"},"query-input":{"@type":"PropertyValueSpecification","valueRequired":true,"valueName":"search_term_string"}}],"inLanguage":"es-CO"}]}},"_links":{"self":[{"href":"https:\/\/www.lajangadamazonas.com\/spanish\/wp-json\/wp\/v2\/pages\/45","targetHints":{"allow":["GET"]}}],"collection":[{"href":"https:\/\/www.lajangadamazonas.com\/spanish\/wp-json\/wp\/v2\/pages"}],"about":[{"href":"https:\/\/www.lajangadamazonas.com\/spanish\/wp-json\/wp\/v2\/types\/page"}],"author":[{"embeddable":true,"href":"https:\/\/www.lajangadamazonas.com\/spanish\/wp-json\/wp\/v2\/users\/1"}],"replies":[{"embeddable":true,"href":"https:\/\/www.lajangadamazonas.com\/spanish\/wp-json\/wp\/v2\/comments?post=45"}],"version-history":[{"count":1,"href":"https:\/\/www.lajangadamazonas.com\/spanish\/wp-json\/wp\/v2\/pages\/45\/revisions"}],"predecessor-version":[{"id":584,"href":"https:\/\/www.lajangadamazonas.com\/spanish\/wp-json\/wp\/v2\/pages\/45\/revisions\/584"}],"wp:attachment":[{"href":"https:\/\/www.lajangadamazonas.com\/spanish\/wp-json\/wp\/v2\/media?parent=45"}],"curies":[{"name":"wp","href":"https:\/\/api.w.org\/{rel}","templated":true}]}}