{"id":30,"date":"2024-11-06T18:23:44","date_gmt":"2024-11-06T23:23:44","guid":{"rendered":"https:\/\/lajangadamazonas.com\/?page_id=30"},"modified":"2024-12-20T13:00:27","modified_gmt":"2024-12-20T18:00:27","slug":"tradiciones-yukuna-en-una-maloka","status":"publish","type":"page","link":"https:\/\/www.lajangadamazonas.com\/spanish\/tradiciones-yukuna-en-una-maloka\/","title":{"rendered":"Tradiciones Yukuna en una Maloka"},"content":{"rendered":"<div class=\"wpb-content-wrapper\"><p>[vc_row full_width=&#8221;stretch_row_content_no_spaces&#8221; css_animation=&#8221;zoomIn&#8221; css=&#8221;.vc_custom_1730986240341{padding-top: 6% !important;padding-right: 8% !important;padding-bottom: 3% !important;padding-left: 8% !important;}&#8221; conditional_render=&#8221;%5B%7B%22value_role%22%3A%22administrator%22%7D%5D&#8221; el_class=&#8221;seo-block-home text-center color-white&#8221;][vc_column][vc_row_inner][vc_column_inner][vc_column_text]<\/p>\n<p class=\"titulo\" style=\"color: #ffffff; font-size: 25pt; font-weight: 800; line-height: 1.2; text-align: center;\">TRADICIONES YUKUNA EN UNA MALOKA<\/p>\n<p class=\"sub\" style=\"text-align: center; color: #ffffff; font-size: 18pt;\">Descubre los secretos de la Maloka<\/p>\n<p>[\/vc_column_text][\/vc_column_inner][\/vc_row_inner][\/vc_column][\/vc_row][vc_row content_placement=&#8221;middle&#8221; conditional_render=&#8221;%5B%7B%22value_role%22%3A%22administrator%22%7D%5D&#8221; css=&#8221;.vc_custom_1730943468620{margin-top: 6% !important;}&#8221;][vc_column width=&#8221;2\/3&#8243;][vc_column_text]<\/p>\n<p style=\"font-size: 15pt; text-align: justify;\"><strong>Descripci\u00f3n del tour<\/strong><\/p>\n<p>[\/vc_column_text][vc_column_text css_animation=&#8221;zoomIn&#8221;]<\/p>\n<p style=\"font-size: 12pt; text-align: justify;\">Una hora de caminata en selva con un gu\u00eda experimentado te llevar\u00e1 hasta la orilla del r\u00edo Tacana, en una comunidad Yucuna. Ah\u00ed, entrar\u00e1s en la Maloka. la casa tradicional d\u00f3nde se encuentra el abuelo, guardador de todas las tradiciones y saberes. de su etnia.<\/p>\n<p style=\"font-size: 12pt; text-align: justify;\">El pueblo yucuna maneja plantas sagradas como el tabaco y la coca, y sus procesos de transformaci\u00f3n en rap\u00e9 y mambe en los cuales podr\u00e1s participar (desde la colecta de las hojas de coca hasta probar producto). Despu\u00e9s de un almuerzo. tradicional preparado por la abuela. te iniciar\u00e1s a la pintura, y a los cantos y bailes tradicionales tal y como les est\u00e1n practicando todav\u00eda hoy en dia durante celebraciones anuales como el baile del chontaduro.<\/p>\n<p style=\"font-size: 12pt; text-align: justify;\">Vivimos una \u00e9poca de muchos cambios en la cual los saberes tradicionales est\u00e1n en peligro de olvido, y pocas personas tienen a d\u00eda de hoy un conocimiento tan completo como el del abuelo. Este tour es una oportunidad \u00fanica de compartir con el cham\u00e1n y aprender de primera mano sobre la cultura yucuna. La vuelta de noche le a\u00f1ade un toque de aventura y tal vez la selva te regalar\u00e1 un \u00faltimo encuentro con unos animalitos.<\/p>\n<p>[\/vc_column_text][vc_column_text css_animation=&#8221;zoomIn&#8221;]<\/p>\n<p style=\"text-align: left;\"><a style=\"text-decoration: none;\" href=\"https:\/\/api.whatsapp.com\/send\/?phone=573124510758&amp;text=Hola%21+Quiero+m%C3%A1s+informaci%C3%B3n+del+tour+TRADICIONES+YUKUNA+EN+UNA+MALOKA&amp;type=phone_number&amp;app_absent=0\" target=\"_blank\" rel=\"noopener\"><span class=\"ver\">Reservar Tours<\/span><\/a><\/p>\n<p>[\/vc_column_text][\/vc_column][vc_column width=&#8221;1\/3&#8243;][vc_single_image image=&#8221;194&#8243; img_size=&#8221;full&#8221; animation_type=&#8221;zoomIn&#8221;][\/vc_column][\/vc_row][vc_row conditional_render=&#8221;%5B%7B%22value_role%22%3A%22administrator%22%7D%5D&#8221; css=&#8221;.vc_custom_1730982738786{margin-top: 3% !important;margin-bottom: 3% !important;}&#8221;][vc_column width=&#8221;1\/3&#8243; css=&#8221;.vc_custom_1730982491386{margin-right: 1% !important;padding-top: 4% !important;padding-right: 2% !important;padding-bottom: 2% !important;padding-left: 2% !important;background-color: rgba(251,192,57,0.2) !important;*background-color: rgb(251,192,57) !important;border-radius: 10px !important;}&#8221; conditional_render=&#8221;%5B%7B%22value_role%22%3A%22administrator%22%7D%5D&#8221;][vc_column_text css_animation=&#8221;zoomIn&#8221;]<\/p>\n<p style=\"font-size: 14pt; text-align: justify;\"><strong>Actividades<\/strong> (*sujetas al clima)<\/p>\n<p>[\/vc_column_text]<div class=\"porto-sicon-box  wpb_custom_1543d1bda5a3ba5dc903bfde08372dc2 style_1 default-icon\" data-appear-animation=\"zoomIn\"><div class=\"porto-sicon-default\"><div class=\"porto-just-icon-wrapper porto-icon none\" style=\"font-size:20px;\"><i class=\"far fa-arrow-alt-circle-right\"><\/i><\/div><\/div><div class=\"porto-sicon-header\"><h3 class=\"porto-sicon-title\" style=\"\">Caminata diurna<\/h3><\/div> <!-- header --><\/div><!-- porto-sicon-box --><div class=\"porto-sicon-box  wpb_custom_1543d1bda5a3ba5dc903bfde08372dc2 style_1 default-icon\" data-appear-animation=\"zoomIn\"><div class=\"porto-sicon-default\"><div class=\"porto-just-icon-wrapper porto-icon none\" style=\"font-size:20px;\"><i class=\"far fa-arrow-alt-circle-right\"><\/i><\/div><\/div><div class=\"porto-sicon-header\"><h3 class=\"porto-sicon-title\" style=\"\">Reconocimiento de flora y fauna<\/h3><\/div> <!-- header --><\/div><!-- porto-sicon-box --><div class=\"porto-sicon-box  wpb_custom_1543d1bda5a3ba5dc903bfde08372dc2 style_1 default-icon\" data-appear-animation=\"zoomIn\"><div class=\"porto-sicon-default\"><div class=\"porto-just-icon-wrapper porto-icon none\" style=\"font-size:20px;\"><i class=\"far fa-arrow-alt-circle-right\"><\/i><\/div><\/div><div class=\"porto-sicon-header\"><h3 class=\"porto-sicon-title\" style=\"\">Caminata nocturna<\/h3><\/div> <!-- header --><\/div><!-- porto-sicon-box --><div class=\"porto-sicon-box  wpb_custom_1543d1bda5a3ba5dc903bfde08372dc2 style_1 default-icon\" data-appear-animation=\"zoomIn\"><div class=\"porto-sicon-default\"><div class=\"porto-just-icon-wrapper porto-icon none\" style=\"font-size:20px;\"><i class=\"far fa-arrow-alt-circle-right\"><\/i><\/div><\/div><div class=\"porto-sicon-header\"><h3 class=\"porto-sicon-title\" style=\"\">Degustaci\u00f3n de comida t\u00edpica<\/h3><\/div> <!-- header --><\/div><!-- porto-sicon-box --><div class=\"porto-sicon-box  wpb_custom_1543d1bda5a3ba5dc903bfde08372dc2 style_1 default-icon\" data-appear-animation=\"zoomIn\"><div class=\"porto-sicon-default\"><div class=\"porto-just-icon-wrapper porto-icon none\" style=\"font-size:20px;\"><i class=\"far fa-arrow-alt-circle-right\"><\/i><\/div><\/div><div class=\"porto-sicon-header\"><h3 class=\"porto-sicon-title\" style=\"\">Charla sobre las tradiciones Yucuna<\/h3><\/div> <!-- header --><\/div><!-- porto-sicon-box --><div class=\"porto-sicon-box  wpb_custom_1543d1bda5a3ba5dc903bfde08372dc2 style_1 default-icon\" data-appear-animation=\"zoomIn\"><div class=\"porto-sicon-default\"><div class=\"porto-just-icon-wrapper porto-icon none\" style=\"font-size:20px;\"><i class=\"far fa-arrow-alt-circle-right\"><\/i><\/div><\/div><div class=\"porto-sicon-header\"><h3 class=\"porto-sicon-title\" style=\"\">Acercamiento al rap\u00e9 y mamb\u00e9<\/h3><\/div> <!-- header --><\/div><!-- porto-sicon-box --><div class=\"porto-sicon-box  wpb_custom_1543d1bda5a3ba5dc903bfde08372dc2 style_1 default-icon\" data-appear-animation=\"zoomIn\"><div class=\"porto-sicon-default\"><div class=\"porto-just-icon-wrapper porto-icon none\" style=\"font-size:20px;\"><i class=\"far fa-arrow-alt-circle-right\"><\/i><\/div><\/div><div class=\"porto-sicon-header\"><h3 class=\"porto-sicon-title\" style=\"\">Proceso de fabricaci\u00f3n del mamb\u00e9<\/h3><\/div> <!-- header --><\/div><!-- porto-sicon-box --><div class=\"porto-sicon-box  wpb_custom_1543d1bda5a3ba5dc903bfde08372dc2 style_1 default-icon\" data-appear-animation=\"zoomIn\"><div class=\"porto-sicon-default\"><div class=\"porto-just-icon-wrapper porto-icon none\" style=\"font-size:20px;\"><i class=\"far fa-arrow-alt-circle-right\"><\/i><\/div><\/div><div class=\"porto-sicon-header\"><h3 class=\"porto-sicon-title\" style=\"\">Bailes y cantos tradicionales<\/h3><\/div> <!-- header --><\/div><!-- porto-sicon-box --><div class=\"porto-sicon-box  wpb_custom_1543d1bda5a3ba5dc903bfde08372dc2 style_1 default-icon\" data-appear-animation=\"zoomIn\"><div class=\"porto-sicon-default\"><div class=\"porto-just-icon-wrapper porto-icon none\" style=\"font-size:20px;\"><i class=\"far fa-arrow-alt-circle-right\"><\/i><\/div><\/div><div class=\"porto-sicon-header\"><h3 class=\"porto-sicon-title\" style=\"\">Ba\u00f1o en aguas naturales<\/h3><\/div> <!-- header --><\/div><!-- porto-sicon-box -->[\/vc_column][vc_column width=&#8221;1\/3&#8243; css=&#8221;.vc_custom_1730980658730{margin-right: 1% !important;padding-top: 4% !important;padding-right: 2% !important;padding-left: 2% !important;background-color: rgba(5,148,88,0.15) !important;*background-color: rgb(5,148,88) !important;border-radius: 10px !important;}&#8221; conditional_render=&#8221;%5B%7B%22value_role%22%3A%22administrator%22%7D%5D&#8221;][vc_column_text css_animation=&#8221;zoomIn&#8221;]<\/p>\n<p style=\"font-size: 14pt; text-align: justify;\"><strong>Precios por persona<\/strong><\/p>\n<p>[\/vc_column_text][vc_column_text css_animation=&#8221;zoomIn&#8221;]<\/p>\n<table class=\"table\">\n<thead>\n<tr>\n<th style=\"text-align: center;\" scope=\"col\">N\u00b0 de personas<\/th>\n<th style=\"text-align: center;\" scope=\"col\">1 D\u00eda<\/th>\n<th style=\"text-align: center;\" scope=\"col\">1 dia 1 noche<\/th>\n<\/tr>\n<\/thead>\n<tbody>\n<tr>\n<th style=\"text-align: center;\" scope=\"row\">1<\/th>\n<td style=\"text-align: center;\">480.000 COP<\/td>\n<td style=\"text-align: center;\">595.000 COP<\/td>\n<\/tr>\n<tr>\n<th style=\"text-align: center;\" scope=\"row\">2<\/th>\n<td style=\"text-align: center;\">400.000 COP<\/td>\n<td style=\"text-align: center;\">550.000 COP<\/td>\n<\/tr>\n<tr>\n<th style=\"text-align: center;\" scope=\"row\">3<\/th>\n<td style=\"text-align: center;\">300.000 COP<\/td>\n<td style=\"text-align: center;\">495.000 COP<\/td>\n<\/tr>\n<tr>\n<th style=\"text-align: center;\" scope=\"row\">4<\/th>\n<td style=\"text-align: center;\">250.000 COP<\/td>\n<td style=\"text-align: center;\">400.000 COP<\/td>\n<\/tr>\n<tr>\n<th style=\"text-align: center;\" scope=\"row\">5<\/th>\n<td style=\"text-align: center;\">210.000 COP<\/td>\n<td style=\"text-align: center;\">380.000 COP<\/td>\n<\/tr>\n<\/tbody>\n<\/table>\n<p>[\/vc_column_text][\/vc_column][vc_column width=&#8221;1\/3&#8243; css=&#8221;.vc_custom_1730980641993{padding-top: 4% !important;padding-right: 2% !important;padding-left: 2% !important;background-color: rgba(35,101,163,0.15) !important;*background-color: rgb(35,101,163) !important;border-radius: 10px !important;}&#8221; conditional_render=&#8221;%5B%7B%22value_role%22%3A%22administrator%22%7D%5D&#8221;][vc_column_text css_animation=&#8221;zoomIn&#8221;]<\/p>\n<p style=\"font-size: 14pt; text-align: justify;\"><strong>Resumen del tour<\/strong><\/p>\n<p>[\/vc_column_text][vc_column_text css_animation=&#8221;zoomIn&#8221;]<\/p>\n<p><img decoding=\"async\" class=\"alignnone size-medium wp-image-147\" src=\"https:\/\/www.lajangadamazonas.com\/spanish\/wp-content\/uploads\/2024\/11\/maloka.png\" alt=\"\" width=\"100%\" height=\"NaN\" \/><\/p>\n<p>[\/vc_column_text][\/vc_column][\/vc_row]<\/p>\n<\/div>","protected":false},"excerpt":{"rendered":"<p>[vc_row full_width=&#8221;stretch_row_content_no_spaces&#8221; css_animation=&#8221;zoomIn&#8221; css=&#8221;.vc_custom_1730986240341{padding-top: 6% !important;padding-right: 8% !important;padding-bottom: 3% !important;padding-left: 8% !important;}&#8221; conditional_render=&#8221;%5B%7B%22value_role%22%3A%22administrator%22%7D%5D&#8221; el_class=&#8221;seo-block-home text-center color-white&#8221;][vc_column][vc_row_inner][vc_column_inner][vc_column_text] TRADICIONES YUKUNA EN UNA MALOKA Descubre los secretos de la Maloka [\/vc_column_text][\/vc_column_inner][\/vc_row_inner][\/vc_column][\/vc_row][vc_row content_placement=&#8221;middle&#8221; conditional_render=&#8221;%5B%7B%22value_role%22%3A%22administrator%22%7D%5D&#8221; css=&#8221;.vc_custom_1730943468620{margin-top: 6% !important;}&#8221;][vc_column width=&#8221;2\/3&#8243;][vc_column_text] Descripci\u00f3n del tour [\/vc_column_text][vc_column_text css_animation=&#8221;zoomIn&#8221;] Una hora de caminata en selva con un gu\u00eda experimentado te llevar\u00e1 hasta la orilla del [&hellip;]<\/p>\n","protected":false},"author":1,"featured_media":0,"parent":0,"menu_order":0,"comment_status":"closed","ping_status":"closed","template":"","meta":{"_joinchat":[],"footnotes":""},"class_list":["post-30","page","type-page","status-publish","hentry"],"yoast_head":"<!-- This site is optimized with the Yoast SEO plugin v27.1.1 - https:\/\/yoast.com\/product\/yoast-seo-wordpress\/ -->\n<title>Tradiciones Yukuna en una Maloka - La Jangadamazonas<\/title>\n<meta name=\"robots\" content=\"index, follow, max-snippet:-1, max-image-preview:large, max-video-preview:-1\" \/>\n<link rel=\"canonical\" href=\"https:\/\/www.lajangadamazonas.com\/spanish\/tradiciones-yukuna-en-una-maloka\/\" \/>\n<meta property=\"og:locale\" content=\"es_ES\" \/>\n<meta property=\"og:type\" content=\"article\" \/>\n<meta property=\"og:title\" content=\"Tradiciones Yukuna en una Maloka - La Jangadamazonas\" \/>\n<meta property=\"og:description\" content=\"[vc_row full_width=&#8221;stretch_row_content_no_spaces&#8221; css_animation=&#8221;zoomIn&#8221; css=&#8221;.vc_custom_1730986240341{padding-top: 6% !important;padding-right: 8% !important;padding-bottom: 3% !important;padding-left: 8% !important;}&#8221; conditional_render=&#8221;%5B%7B%22value_role%22%3A%22administrator%22%7D%5D&#8221; el_class=&#8221;seo-block-home text-center color-white&#8221;][vc_column][vc_row_inner][vc_column_inner][vc_column_text] TRADICIONES YUKUNA EN UNA MALOKA Descubre los secretos de la Maloka [\/vc_column_text][\/vc_column_inner][\/vc_row_inner][\/vc_column][\/vc_row][vc_row content_placement=&#8221;middle&#8221; conditional_render=&#8221;%5B%7B%22value_role%22%3A%22administrator%22%7D%5D&#8221; css=&#8221;.vc_custom_1730943468620{margin-top: 6% !important;}&#8221;][vc_column width=&#8221;2\/3&#8243;][vc_column_text] Descripci\u00f3n del tour [\/vc_column_text][vc_column_text css_animation=&#8221;zoomIn&#8221;] Una hora de caminata en selva con un gu\u00eda experimentado te llevar\u00e1 hasta la orilla del [&hellip;]\" \/>\n<meta property=\"og:url\" content=\"https:\/\/www.lajangadamazonas.com\/spanish\/tradiciones-yukuna-en-una-maloka\/\" \/>\n<meta property=\"og:site_name\" content=\"La Jangadamazonas\" \/>\n<meta property=\"article:publisher\" content=\"https:\/\/www.facebook.com\/LaJangada\/?profile_tab_item_selected=about&amp;_rdr\" \/>\n<meta property=\"article:modified_time\" content=\"2024-12-20T18:00:27+00:00\" \/>\n<meta property=\"og:image\" content=\"https:\/\/www.lajangadamazonas.com\/spanish\/wp-content\/uploads\/2024\/11\/maloka.png\" \/>\n<meta name=\"twitter:card\" content=\"summary_large_image\" \/>\n<meta name=\"twitter:label1\" content=\"Tiempo de lectura\" \/>\n\t<meta name=\"twitter:data1\" content=\"3 minutos\" \/>\n<script type=\"application\/ld+json\" class=\"yoast-schema-graph\">{\"@context\":\"https:\/\/schema.org\",\"@graph\":[{\"@type\":\"WebPage\",\"@id\":\"https:\/\/www.lajangadamazonas.com\/spanish\/tradiciones-yukuna-en-una-maloka\/\",\"url\":\"https:\/\/www.lajangadamazonas.com\/spanish\/tradiciones-yukuna-en-una-maloka\/\",\"name\":\"Tradiciones Yukuna en una Maloka - La Jangadamazonas\",\"isPartOf\":{\"@id\":\"https:\/\/www.lajangadamazonas.com\/spanish\/#website\"},\"primaryImageOfPage\":{\"@id\":\"https:\/\/www.lajangadamazonas.com\/spanish\/tradiciones-yukuna-en-una-maloka\/#primaryimage\"},\"image\":{\"@id\":\"https:\/\/www.lajangadamazonas.com\/spanish\/tradiciones-yukuna-en-una-maloka\/#primaryimage\"},\"thumbnailUrl\":\"https:\/\/www.lajangadamazonas.com\/spanish\/wp-content\/uploads\/2024\/11\/maloka.png\",\"datePublished\":\"2024-11-06T23:23:44+00:00\",\"dateModified\":\"2024-12-20T18:00:27+00:00\",\"breadcrumb\":{\"@id\":\"https:\/\/www.lajangadamazonas.com\/spanish\/tradiciones-yukuna-en-una-maloka\/#breadcrumb\"},\"inLanguage\":\"es-CO\",\"potentialAction\":[{\"@type\":\"ReadAction\",\"target\":[\"https:\/\/www.lajangadamazonas.com\/spanish\/tradiciones-yukuna-en-una-maloka\/\"]}]},{\"@type\":\"ImageObject\",\"inLanguage\":\"es-CO\",\"@id\":\"https:\/\/www.lajangadamazonas.com\/spanish\/tradiciones-yukuna-en-una-maloka\/#primaryimage\",\"url\":\"https:\/\/www.lajangadamazonas.com\/spanish\/wp-content\/uploads\/2024\/11\/lagos.png\",\"contentUrl\":\"https:\/\/www.lajangadamazonas.com\/spanish\/wp-content\/uploads\/2024\/11\/lagos.png\",\"width\":341,\"height\":315},{\"@type\":\"BreadcrumbList\",\"@id\":\"https:\/\/www.lajangadamazonas.com\/spanish\/tradiciones-yukuna-en-una-maloka\/#breadcrumb\",\"itemListElement\":[{\"@type\":\"ListItem\",\"position\":1,\"name\":\"Inicio\",\"item\":\"https:\/\/www.lajangadamazonas.com\/spanish\/\"},{\"@type\":\"ListItem\",\"position\":2,\"name\":\"Tradiciones Yukuna en una Maloka\"}]},{\"@type\":\"WebSite\",\"@id\":\"https:\/\/www.lajangadamazonas.com\/spanish\/#website\",\"url\":\"https:\/\/www.lajangadamazonas.com\/spanish\/\",\"name\":\"La Jangadamazonas\",\"description\":\"Planes tur\u00edsticos en el Amazonas\",\"potentialAction\":[{\"@type\":\"SearchAction\",\"target\":{\"@type\":\"EntryPoint\",\"urlTemplate\":\"https:\/\/www.lajangadamazonas.com\/spanish\/?s={search_term_string}\"},\"query-input\":{\"@type\":\"PropertyValueSpecification\",\"valueRequired\":true,\"valueName\":\"search_term_string\"}}],\"inLanguage\":\"es-CO\"}]}<\/script>\n<!-- \/ Yoast SEO plugin. -->","yoast_head_json":{"title":"Tradiciones Yukuna en una Maloka - La Jangadamazonas","robots":{"index":"index","follow":"follow","max-snippet":"max-snippet:-1","max-image-preview":"max-image-preview:large","max-video-preview":"max-video-preview:-1"},"canonical":"https:\/\/www.lajangadamazonas.com\/spanish\/tradiciones-yukuna-en-una-maloka\/","og_locale":"es_ES","og_type":"article","og_title":"Tradiciones Yukuna en una Maloka - La Jangadamazonas","og_description":"[vc_row full_width=&#8221;stretch_row_content_no_spaces&#8221; css_animation=&#8221;zoomIn&#8221; css=&#8221;.vc_custom_1730986240341{padding-top: 6% !important;padding-right: 8% !important;padding-bottom: 3% !important;padding-left: 8% !important;}&#8221; conditional_render=&#8221;%5B%7B%22value_role%22%3A%22administrator%22%7D%5D&#8221; el_class=&#8221;seo-block-home text-center color-white&#8221;][vc_column][vc_row_inner][vc_column_inner][vc_column_text] TRADICIONES YUKUNA EN UNA MALOKA Descubre los secretos de la Maloka [\/vc_column_text][\/vc_column_inner][\/vc_row_inner][\/vc_column][\/vc_row][vc_row content_placement=&#8221;middle&#8221; conditional_render=&#8221;%5B%7B%22value_role%22%3A%22administrator%22%7D%5D&#8221; css=&#8221;.vc_custom_1730943468620{margin-top: 6% !important;}&#8221;][vc_column width=&#8221;2\/3&#8243;][vc_column_text] Descripci\u00f3n del tour [\/vc_column_text][vc_column_text css_animation=&#8221;zoomIn&#8221;] Una hora de caminata en selva con un gu\u00eda experimentado te llevar\u00e1 hasta la orilla del [&hellip;]","og_url":"https:\/\/www.lajangadamazonas.com\/spanish\/tradiciones-yukuna-en-una-maloka\/","og_site_name":"La Jangadamazonas","article_publisher":"https:\/\/www.facebook.com\/LaJangada\/?profile_tab_item_selected=about&_rdr","article_modified_time":"2024-12-20T18:00:27+00:00","og_image":[{"url":"https:\/\/www.lajangadamazonas.com\/spanish\/wp-content\/uploads\/2024\/11\/maloka.png","type":"","width":"","height":""}],"twitter_card":"summary_large_image","twitter_misc":{"Tiempo de lectura":"3 minutos"},"schema":{"@context":"https:\/\/schema.org","@graph":[{"@type":"WebPage","@id":"https:\/\/www.lajangadamazonas.com\/spanish\/tradiciones-yukuna-en-una-maloka\/","url":"https:\/\/www.lajangadamazonas.com\/spanish\/tradiciones-yukuna-en-una-maloka\/","name":"Tradiciones Yukuna en una Maloka - La Jangadamazonas","isPartOf":{"@id":"https:\/\/www.lajangadamazonas.com\/spanish\/#website"},"primaryImageOfPage":{"@id":"https:\/\/www.lajangadamazonas.com\/spanish\/tradiciones-yukuna-en-una-maloka\/#primaryimage"},"image":{"@id":"https:\/\/www.lajangadamazonas.com\/spanish\/tradiciones-yukuna-en-una-maloka\/#primaryimage"},"thumbnailUrl":"https:\/\/www.lajangadamazonas.com\/spanish\/wp-content\/uploads\/2024\/11\/maloka.png","datePublished":"2024-11-06T23:23:44+00:00","dateModified":"2024-12-20T18:00:27+00:00","breadcrumb":{"@id":"https:\/\/www.lajangadamazonas.com\/spanish\/tradiciones-yukuna-en-una-maloka\/#breadcrumb"},"inLanguage":"es-CO","potentialAction":[{"@type":"ReadAction","target":["https:\/\/www.lajangadamazonas.com\/spanish\/tradiciones-yukuna-en-una-maloka\/"]}]},{"@type":"ImageObject","inLanguage":"es-CO","@id":"https:\/\/www.lajangadamazonas.com\/spanish\/tradiciones-yukuna-en-una-maloka\/#primaryimage","url":"https:\/\/www.lajangadamazonas.com\/spanish\/wp-content\/uploads\/2024\/11\/lagos.png","contentUrl":"https:\/\/www.lajangadamazonas.com\/spanish\/wp-content\/uploads\/2024\/11\/lagos.png","width":341,"height":315},{"@type":"BreadcrumbList","@id":"https:\/\/www.lajangadamazonas.com\/spanish\/tradiciones-yukuna-en-una-maloka\/#breadcrumb","itemListElement":[{"@type":"ListItem","position":1,"name":"Inicio","item":"https:\/\/www.lajangadamazonas.com\/spanish\/"},{"@type":"ListItem","position":2,"name":"Tradiciones Yukuna en una Maloka"}]},{"@type":"WebSite","@id":"https:\/\/www.lajangadamazonas.com\/spanish\/#website","url":"https:\/\/www.lajangadamazonas.com\/spanish\/","name":"La Jangadamazonas","description":"Planes tur\u00edsticos en el Amazonas","potentialAction":[{"@type":"SearchAction","target":{"@type":"EntryPoint","urlTemplate":"https:\/\/www.lajangadamazonas.com\/spanish\/?s={search_term_string}"},"query-input":{"@type":"PropertyValueSpecification","valueRequired":true,"valueName":"search_term_string"}}],"inLanguage":"es-CO"}]}},"_links":{"self":[{"href":"https:\/\/www.lajangadamazonas.com\/spanish\/wp-json\/wp\/v2\/pages\/30","targetHints":{"allow":["GET"]}}],"collection":[{"href":"https:\/\/www.lajangadamazonas.com\/spanish\/wp-json\/wp\/v2\/pages"}],"about":[{"href":"https:\/\/www.lajangadamazonas.com\/spanish\/wp-json\/wp\/v2\/types\/page"}],"author":[{"embeddable":true,"href":"https:\/\/www.lajangadamazonas.com\/spanish\/wp-json\/wp\/v2\/users\/1"}],"replies":[{"embeddable":true,"href":"https:\/\/www.lajangadamazonas.com\/spanish\/wp-json\/wp\/v2\/comments?post=30"}],"version-history":[{"count":1,"href":"https:\/\/www.lajangadamazonas.com\/spanish\/wp-json\/wp\/v2\/pages\/30\/revisions"}],"predecessor-version":[{"id":594,"href":"https:\/\/www.lajangadamazonas.com\/spanish\/wp-json\/wp\/v2\/pages\/30\/revisions\/594"}],"wp:attachment":[{"href":"https:\/\/www.lajangadamazonas.com\/spanish\/wp-json\/wp\/v2\/media?parent=30"}],"curies":[{"name":"wp","href":"https:\/\/api.w.org\/{rel}","templated":true}]}}