{"id":28,"date":"2024-11-06T18:22:37","date_gmt":"2024-11-06T23:22:37","guid":{"rendered":"https:\/\/lajangadamazonas.com\/?page_id=28"},"modified":"2024-12-20T12:47:05","modified_gmt":"2024-12-20T17:47:05","slug":"lagos-de-yahuarcaca","status":"publish","type":"page","link":"https:\/\/www.lajangadamazonas.com\/spanish\/lagos-de-yahuarcaca\/","title":{"rendered":"Lagos de yahuarcaca"},"content":{"rendered":"<div class=\"wpb-content-wrapper\"><p>[vc_row full_width=&#8221;stretch_row_content_no_spaces&#8221; css_animation=&#8221;zoomIn&#8221; el_class=&#8221;seo-block-home text-center color-white&#8221; css=&#8221;.vc_custom_1730944083288{padding-top: 6% !important;padding-right: 8% !important;padding-bottom: 3% !important;padding-left: 8% !important;}&#8221; conditional_render=&#8221;%5B%7B%22value_role%22%3A%22administrator%22%7D%5D&#8221;][vc_column][vc_row_inner][vc_column_inner][vc_column_text]<\/p>\n<p class=\"titulo\" style=\"color: #ffffff; font-size: 25pt; font-weight: 800; line-height: 1.2; text-align: center;\">LAGOS DE YAHUARCACA<\/p>\n<p class=\"sub\" style=\"text-align: center; color: #ffffff; font-size: 18pt;\">Un d\u00eda de relajo y belleza<\/p>\n<p>[\/vc_column_text][\/vc_column_inner][\/vc_row_inner][\/vc_column][\/vc_row][vc_row content_placement=&#8221;middle&#8221; conditional_render=&#8221;%5B%7B%22value_role%22%3A%22administrator%22%7D%5D&#8221; css=&#8221;.vc_custom_1730943468620{margin-top: 6% !important;}&#8221;][vc_column width=&#8221;2\/3&#8243;][vc_column_text]<\/p>\n<p style=\"font-size: 15pt; text-align: justify;\"><strong>Descripci\u00f3n del tour<\/strong><\/p>\n<p>[\/vc_column_text][vc_column_text css_animation=&#8221;zoomIn&#8221;]<\/p>\n<p style=\"font-size: 12pt; text-align: justify;\">Relajarte, observar animales. llenarte de belleza, y ba\u00f1arte son las palabras claves de este tour. A unos 2 km al noroeste de Leticia se encuentra el conjunto de lagunas Yahuarcaca, que antiguamente formaron parte del cauce original del r\u00edo Amazonas. Es el h\u00e1bitat de varias especies de aves, monos, osos perezosos. reptiles. delfines&#8230; Y nuestros gu\u00edas tienen un ojo muy agudo para identificarlos!<\/p>\n<p style=\"font-size: 12pt; text-align: justify;\">En temporada de aguas altas, el paseo a remo entre los \u00e1rboles de la selva inundada ser\u00e1 la oportunidad de aprender sobre las plantas medicinales tradicionales. M\u00e1s tarde, te podr\u00e1s atrever a un ba\u00f1o delicioso en las corrientes de distintas temperaturas del lago grande, y desde ah\u00ed admirar un precioso atardecer desplegando sus colores en la superficie del agua.<\/p>\n<p style=\"font-size: 12pt; text-align: justify;\">Si eliges el tour de d\u00eda completo. almorzar\u00e1s en la casa del gu\u00eda en los propios lagos y a la tarde llegar\u00e1s hasta la reserva natural de Flor de Loto d\u00f3nde se pueden apreciar las Victoria Regia, hojas \u00fanicas por Su enorme forma circular.<\/p>\n<p>[\/vc_column_text][vc_column_text css_animation=&#8221;zoomIn&#8221;]<\/p>\n<p style=\"text-align: left;\"><a style=\"text-decoration: none;\" href=\"https:\/\/api.whatsapp.com\/send\/?phone=573124510758&amp;text=Hola%21+Quiero+m%C3%A1s+informaci%C3%B3n+del+tour+LAGOS+DE+YAHUARCACA&amp;type=phone_number&amp;app_absent=0\" target=\"_blank\" rel=\"noopener\"><span class=\"ver\">Reservar Tours<\/span><\/a><\/p>\n<p>[\/vc_column_text][\/vc_column][vc_column width=&#8221;1\/3&#8243;][vc_single_image image=&#8221;150&#8243; img_size=&#8221;full&#8221; animation_type=&#8221;zoomIn&#8221;][\/vc_column][\/vc_row][vc_row conditional_render=&#8221;%5B%7B%22value_role%22%3A%22administrator%22%7D%5D&#8221; css=&#8221;.vc_custom_1730982738786{margin-top: 3% !important;margin-bottom: 3% !important;}&#8221;][vc_column width=&#8221;1\/3&#8243; css=&#8221;.vc_custom_1730982491386{margin-right: 1% !important;padding-top: 4% !important;padding-right: 2% !important;padding-bottom: 2% !important;padding-left: 2% !important;background-color: rgba(251,192,57,0.2) !important;*background-color: rgb(251,192,57) !important;border-radius: 10px !important;}&#8221; conditional_render=&#8221;%5B%7B%22value_role%22%3A%22administrator%22%7D%5D&#8221;][vc_column_text css_animation=&#8221;zoomIn&#8221;]<\/p>\n<p style=\"font-size: 14pt; text-align: justify;\"><strong>Actividades<\/strong> (*sujetas al clima)<\/p>\n<p>[\/vc_column_text]<div class=\"porto-sicon-box  wpb_custom_1543d1bda5a3ba5dc903bfde08372dc2 style_1 default-icon\" data-appear-animation=\"zoomIn\"><div class=\"porto-sicon-default\"><div class=\"porto-just-icon-wrapper porto-icon none\" style=\"font-size:20px;\"><i class=\"far fa-arrow-alt-circle-right\"><\/i><\/div><\/div><div class=\"porto-sicon-header\"><h3 class=\"porto-sicon-title\" style=\"\">Paseo en bote en los lagos<\/h3><\/div> <!-- header --><\/div><!-- porto-sicon-box --><div class=\"porto-sicon-box  wpb_custom_1543d1bda5a3ba5dc903bfde08372dc2 style_1 default-icon\" data-appear-animation=\"zoomIn\"><div class=\"porto-sicon-default\"><div class=\"porto-just-icon-wrapper porto-icon none\" style=\"font-size:20px;\"><i class=\"far fa-arrow-alt-circle-right\"><\/i><\/div><\/div><div class=\"porto-sicon-header\"><h3 class=\"porto-sicon-title\" style=\"\">Reconocimiento de flora y fauna<\/h3><\/div> <!-- header --><\/div><!-- porto-sicon-box --><div class=\"porto-sicon-box  wpb_custom_1543d1bda5a3ba5dc903bfde08372dc2 style_1 default-icon\" data-appear-animation=\"zoomIn\"><div class=\"porto-sicon-default\"><div class=\"porto-just-icon-wrapper porto-icon none\" style=\"font-size:20px;\"><i class=\"far fa-arrow-alt-circle-right\"><\/i><\/div><\/div><div class=\"porto-sicon-header\"><h3 class=\"porto-sicon-title\" style=\"\">Avistamiento de delfines y aves<\/h3><\/div> <!-- header --><\/div><!-- porto-sicon-box --><div class=\"porto-sicon-box  wpb_custom_1543d1bda5a3ba5dc903bfde08372dc2 style_1 default-icon\" data-appear-animation=\"zoomIn\"><div class=\"porto-sicon-default\"><div class=\"porto-just-icon-wrapper porto-icon none\" style=\"font-size:20px;\"><i class=\"far fa-arrow-alt-circle-right\"><\/i><\/div><\/div><div class=\"porto-sicon-header\"><h3 class=\"porto-sicon-title\" style=\"\">Ba\u00f1o en aguas naturales<\/h3><\/div> <!-- header --><\/div><!-- porto-sicon-box --><div class=\"porto-sicon-box  wpb_custom_1543d1bda5a3ba5dc903bfde08372dc2 style_1 default-icon\" data-appear-animation=\"zoomIn\"><div class=\"porto-sicon-default\"><div class=\"porto-just-icon-wrapper porto-icon none\" style=\"font-size:20px;\"><i class=\"far fa-arrow-alt-circle-right\"><\/i><\/div><\/div><div class=\"porto-sicon-header\"><h3 class=\"porto-sicon-title\" style=\"\">Atardecer en los lagos<\/h3><\/div> <!-- header --><\/div><!-- porto-sicon-box --><div class=\"porto-sicon-box  wpb_custom_1543d1bda5a3ba5dc903bfde08372dc2 style_1 default-icon\" data-appear-animation=\"zoomIn\"><div class=\"porto-sicon-default\"><div class=\"porto-just-icon-wrapper porto-icon none\" style=\"font-size:20px;\"><i class=\"far fa-arrow-alt-circle-right\"><\/i><\/div><\/div><div class=\"porto-sicon-header\"><h3 class=\"porto-sicon-title\" style=\"\">Visita a la reserva Flor de Loto<\/h3><\/div> <!-- header --><\/div><!-- porto-sicon-box --><div class=\"porto-sicon-box  wpb_custom_1543d1bda5a3ba5dc903bfde08372dc2 style_1 default-icon\" data-appear-animation=\"zoomIn\"><div class=\"porto-sicon-default\"><div class=\"porto-just-icon-wrapper porto-icon none\" style=\"font-size:20px;\"><i class=\"far fa-arrow-alt-circle-right\"><\/i><\/div><\/div><div class=\"porto-sicon-header\"><h3 class=\"porto-sicon-title\" style=\"\">Almuerzo en una casa tipica<\/h3><\/div> <!-- header --><\/div><!-- porto-sicon-box -->[\/vc_column][vc_column width=&#8221;1\/3&#8243; css=&#8221;.vc_custom_1730980658730{margin-right: 1% !important;padding-top: 4% !important;padding-right: 2% !important;padding-left: 2% !important;background-color: rgba(5,148,88,0.15) !important;*background-color: rgb(5,148,88) !important;border-radius: 10px !important;}&#8221; conditional_render=&#8221;%5B%7B%22value_role%22%3A%22administrator%22%7D%5D&#8221;][vc_column_text css_animation=&#8221;zoomIn&#8221;]<\/p>\n<p style=\"font-size: 14pt; text-align: justify;\"><strong>Precios por persona<\/strong><\/p>\n<p>[\/vc_column_text][vc_column_text css_animation=&#8221;zoomIn&#8221;]<\/p>\n<table class=\"table\">\n<thead>\n<tr>\n<th style=\"text-align: center;\" scope=\"col\">N\u00b0 de personas<\/th>\n<th style=\"text-align: center;\" scope=\"col\">1\/2 d\u00eda<\/th>\n<th style=\"text-align: center;\" scope=\"col\">D\u00eda completo<\/th>\n<\/tr>\n<\/thead>\n<tbody>\n<tr>\n<th style=\"text-align: center;\" scope=\"row\">1<\/th>\n<td style=\"text-align: center;\">250.000 COP<\/td>\n<td style=\"text-align: center;\">400.000 COP<\/td>\n<\/tr>\n<tr>\n<th style=\"text-align: center;\" scope=\"row\">2<\/th>\n<td style=\"text-align: center;\">200.000 COP<\/td>\n<td style=\"text-align: center;\">320.000 COP<\/td>\n<\/tr>\n<tr>\n<th style=\"text-align: center;\" scope=\"row\">3<\/th>\n<td style=\"text-align: center;\">170.000 COP<\/td>\n<td style=\"text-align: center;\">250.000 COP<\/td>\n<\/tr>\n<tr>\n<th style=\"text-align: center;\" scope=\"row\">4<\/th>\n<td style=\"text-align: center;\">150.000 COP<\/td>\n<td style=\"text-align: center;\">200.000 COP<\/td>\n<\/tr>\n<tr>\n<th style=\"text-align: center;\" scope=\"row\">5<\/th>\n<td style=\"text-align: center;\">120.000 COP<\/td>\n<td style=\"text-align: center;\">180.000 COP<\/td>\n<\/tr>\n<\/tbody>\n<\/table>\n<p>[\/vc_column_text][\/vc_column][vc_column width=&#8221;1\/3&#8243; css=&#8221;.vc_custom_1730980641993{padding-top: 4% !important;padding-right: 2% !important;padding-left: 2% !important;background-color: rgba(35,101,163,0.15) !important;*background-color: rgb(35,101,163) !important;border-radius: 10px !important;}&#8221; conditional_render=&#8221;%5B%7B%22value_role%22%3A%22administrator%22%7D%5D&#8221;][vc_column_text css_animation=&#8221;zoomIn&#8221;]<\/p>\n<p style=\"font-size: 14pt; text-align: justify;\"><strong>Resumen del tour<\/strong><\/p>\n<p>[\/vc_column_text][vc_column_text css_animation=&#8221;zoomIn&#8221;]<img decoding=\"async\" class=\"alignnone size-medium wp-image-147\" src=\"https:\/\/www.lajangadamazonas.com\/spanish\/wp-content\/uploads\/2024\/11\/lagos.png\" alt=\"\" width=\"100%\" height=\"NaN\" \/>[\/vc_column_text][\/vc_column][\/vc_row]<\/p>\n<\/div>","protected":false},"excerpt":{"rendered":"<p>[vc_row full_width=&#8221;stretch_row_content_no_spaces&#8221; css_animation=&#8221;zoomIn&#8221; el_class=&#8221;seo-block-home text-center color-white&#8221; css=&#8221;.vc_custom_1730944083288{padding-top: 6% !important;padding-right: 8% !important;padding-bottom: 3% !important;padding-left: 8% !important;}&#8221; conditional_render=&#8221;%5B%7B%22value_role%22%3A%22administrator%22%7D%5D&#8221;][vc_column][vc_row_inner][vc_column_inner][vc_column_text] LAGOS DE YAHUARCACA Un d\u00eda de relajo y belleza [\/vc_column_text][\/vc_column_inner][\/vc_row_inner][\/vc_column][\/vc_row][vc_row content_placement=&#8221;middle&#8221; conditional_render=&#8221;%5B%7B%22value_role%22%3A%22administrator%22%7D%5D&#8221; css=&#8221;.vc_custom_1730943468620{margin-top: 6% !important;}&#8221;][vc_column width=&#8221;2\/3&#8243;][vc_column_text] Descripci\u00f3n del tour [\/vc_column_text][vc_column_text css_animation=&#8221;zoomIn&#8221;] Relajarte, observar animales. llenarte de belleza, y ba\u00f1arte son las palabras claves de este tour. A unos 2 [&hellip;]<\/p>\n","protected":false},"author":1,"featured_media":0,"parent":0,"menu_order":0,"comment_status":"closed","ping_status":"closed","template":"","meta":{"_joinchat":[],"footnotes":""},"class_list":["post-28","page","type-page","status-publish","hentry"],"yoast_head":"<!-- This site is optimized with the Yoast SEO plugin v27.1.1 - https:\/\/yoast.com\/product\/yoast-seo-wordpress\/ -->\n<title>Lagos de yahuarcaca - La Jangadamazonas<\/title>\n<meta name=\"robots\" content=\"index, follow, max-snippet:-1, max-image-preview:large, max-video-preview:-1\" \/>\n<link rel=\"canonical\" href=\"https:\/\/www.lajangadamazonas.com\/spanish\/lagos-de-yahuarcaca\/\" \/>\n<meta property=\"og:locale\" content=\"es_ES\" \/>\n<meta property=\"og:type\" content=\"article\" \/>\n<meta property=\"og:title\" content=\"Lagos de yahuarcaca - La Jangadamazonas\" \/>\n<meta property=\"og:description\" content=\"[vc_row full_width=&#8221;stretch_row_content_no_spaces&#8221; css_animation=&#8221;zoomIn&#8221; el_class=&#8221;seo-block-home text-center color-white&#8221; css=&#8221;.vc_custom_1730944083288{padding-top: 6% !important;padding-right: 8% !important;padding-bottom: 3% !important;padding-left: 8% !important;}&#8221; conditional_render=&#8221;%5B%7B%22value_role%22%3A%22administrator%22%7D%5D&#8221;][vc_column][vc_row_inner][vc_column_inner][vc_column_text] LAGOS DE YAHUARCACA Un d\u00eda de relajo y belleza [\/vc_column_text][\/vc_column_inner][\/vc_row_inner][\/vc_column][\/vc_row][vc_row content_placement=&#8221;middle&#8221; conditional_render=&#8221;%5B%7B%22value_role%22%3A%22administrator%22%7D%5D&#8221; css=&#8221;.vc_custom_1730943468620{margin-top: 6% !important;}&#8221;][vc_column width=&#8221;2\/3&#8243;][vc_column_text] Descripci\u00f3n del tour [\/vc_column_text][vc_column_text css_animation=&#8221;zoomIn&#8221;] Relajarte, observar animales. llenarte de belleza, y ba\u00f1arte son las palabras claves de este tour. A unos 2 [&hellip;]\" \/>\n<meta property=\"og:url\" content=\"https:\/\/www.lajangadamazonas.com\/spanish\/lagos-de-yahuarcaca\/\" \/>\n<meta property=\"og:site_name\" content=\"La Jangadamazonas\" \/>\n<meta property=\"article:publisher\" content=\"https:\/\/www.facebook.com\/LaJangada\/?profile_tab_item_selected=about&amp;_rdr\" \/>\n<meta property=\"article:modified_time\" content=\"2024-12-20T17:47:05+00:00\" \/>\n<meta property=\"og:image\" content=\"https:\/\/www.lajangadamazonas.com\/spanish\/wp-content\/uploads\/2024\/11\/lagos.png\" \/>\n<meta name=\"twitter:card\" content=\"summary_large_image\" \/>\n<meta name=\"twitter:label1\" content=\"Tiempo de lectura\" \/>\n\t<meta name=\"twitter:data1\" content=\"3 minutos\" \/>\n<script type=\"application\/ld+json\" class=\"yoast-schema-graph\">{\"@context\":\"https:\/\/schema.org\",\"@graph\":[{\"@type\":\"WebPage\",\"@id\":\"https:\/\/www.lajangadamazonas.com\/spanish\/lagos-de-yahuarcaca\/\",\"url\":\"https:\/\/www.lajangadamazonas.com\/spanish\/lagos-de-yahuarcaca\/\",\"name\":\"Lagos de yahuarcaca - La Jangadamazonas\",\"isPartOf\":{\"@id\":\"https:\/\/www.lajangadamazonas.com\/spanish\/#website\"},\"primaryImageOfPage\":{\"@id\":\"https:\/\/www.lajangadamazonas.com\/spanish\/lagos-de-yahuarcaca\/#primaryimage\"},\"image\":{\"@id\":\"https:\/\/www.lajangadamazonas.com\/spanish\/lagos-de-yahuarcaca\/#primaryimage\"},\"thumbnailUrl\":\"https:\/\/www.lajangadamazonas.com\/spanish\/wp-content\/uploads\/2024\/11\/lagos.png\",\"datePublished\":\"2024-11-06T23:22:37+00:00\",\"dateModified\":\"2024-12-20T17:47:05+00:00\",\"breadcrumb\":{\"@id\":\"https:\/\/www.lajangadamazonas.com\/spanish\/lagos-de-yahuarcaca\/#breadcrumb\"},\"inLanguage\":\"es-CO\",\"potentialAction\":[{\"@type\":\"ReadAction\",\"target\":[\"https:\/\/www.lajangadamazonas.com\/spanish\/lagos-de-yahuarcaca\/\"]}]},{\"@type\":\"ImageObject\",\"inLanguage\":\"es-CO\",\"@id\":\"https:\/\/www.lajangadamazonas.com\/spanish\/lagos-de-yahuarcaca\/#primaryimage\",\"url\":\"https:\/\/www.lajangadamazonas.com\/spanish\/wp-content\/uploads\/2024\/11\/lagos.png\",\"contentUrl\":\"https:\/\/www.lajangadamazonas.com\/spanish\/wp-content\/uploads\/2024\/11\/lagos.png\",\"width\":341,\"height\":315},{\"@type\":\"BreadcrumbList\",\"@id\":\"https:\/\/www.lajangadamazonas.com\/spanish\/lagos-de-yahuarcaca\/#breadcrumb\",\"itemListElement\":[{\"@type\":\"ListItem\",\"position\":1,\"name\":\"Inicio\",\"item\":\"https:\/\/www.lajangadamazonas.com\/spanish\/\"},{\"@type\":\"ListItem\",\"position\":2,\"name\":\"Lagos de yahuarcaca\"}]},{\"@type\":\"WebSite\",\"@id\":\"https:\/\/www.lajangadamazonas.com\/spanish\/#website\",\"url\":\"https:\/\/www.lajangadamazonas.com\/spanish\/\",\"name\":\"La Jangadamazonas\",\"description\":\"Planes tur\u00edsticos en el Amazonas\",\"potentialAction\":[{\"@type\":\"SearchAction\",\"target\":{\"@type\":\"EntryPoint\",\"urlTemplate\":\"https:\/\/www.lajangadamazonas.com\/spanish\/?s={search_term_string}\"},\"query-input\":{\"@type\":\"PropertyValueSpecification\",\"valueRequired\":true,\"valueName\":\"search_term_string\"}}],\"inLanguage\":\"es-CO\"}]}<\/script>\n<!-- \/ Yoast SEO plugin. -->","yoast_head_json":{"title":"Lagos de yahuarcaca - La Jangadamazonas","robots":{"index":"index","follow":"follow","max-snippet":"max-snippet:-1","max-image-preview":"max-image-preview:large","max-video-preview":"max-video-preview:-1"},"canonical":"https:\/\/www.lajangadamazonas.com\/spanish\/lagos-de-yahuarcaca\/","og_locale":"es_ES","og_type":"article","og_title":"Lagos de yahuarcaca - La Jangadamazonas","og_description":"[vc_row full_width=&#8221;stretch_row_content_no_spaces&#8221; css_animation=&#8221;zoomIn&#8221; el_class=&#8221;seo-block-home text-center color-white&#8221; css=&#8221;.vc_custom_1730944083288{padding-top: 6% !important;padding-right: 8% !important;padding-bottom: 3% !important;padding-left: 8% !important;}&#8221; conditional_render=&#8221;%5B%7B%22value_role%22%3A%22administrator%22%7D%5D&#8221;][vc_column][vc_row_inner][vc_column_inner][vc_column_text] LAGOS DE YAHUARCACA Un d\u00eda de relajo y belleza [\/vc_column_text][\/vc_column_inner][\/vc_row_inner][\/vc_column][\/vc_row][vc_row content_placement=&#8221;middle&#8221; conditional_render=&#8221;%5B%7B%22value_role%22%3A%22administrator%22%7D%5D&#8221; css=&#8221;.vc_custom_1730943468620{margin-top: 6% !important;}&#8221;][vc_column width=&#8221;2\/3&#8243;][vc_column_text] Descripci\u00f3n del tour [\/vc_column_text][vc_column_text css_animation=&#8221;zoomIn&#8221;] Relajarte, observar animales. llenarte de belleza, y ba\u00f1arte son las palabras claves de este tour. A unos 2 [&hellip;]","og_url":"https:\/\/www.lajangadamazonas.com\/spanish\/lagos-de-yahuarcaca\/","og_site_name":"La Jangadamazonas","article_publisher":"https:\/\/www.facebook.com\/LaJangada\/?profile_tab_item_selected=about&_rdr","article_modified_time":"2024-12-20T17:47:05+00:00","og_image":[{"url":"https:\/\/www.lajangadamazonas.com\/spanish\/wp-content\/uploads\/2024\/11\/lagos.png","type":"","width":"","height":""}],"twitter_card":"summary_large_image","twitter_misc":{"Tiempo de lectura":"3 minutos"},"schema":{"@context":"https:\/\/schema.org","@graph":[{"@type":"WebPage","@id":"https:\/\/www.lajangadamazonas.com\/spanish\/lagos-de-yahuarcaca\/","url":"https:\/\/www.lajangadamazonas.com\/spanish\/lagos-de-yahuarcaca\/","name":"Lagos de yahuarcaca - La Jangadamazonas","isPartOf":{"@id":"https:\/\/www.lajangadamazonas.com\/spanish\/#website"},"primaryImageOfPage":{"@id":"https:\/\/www.lajangadamazonas.com\/spanish\/lagos-de-yahuarcaca\/#primaryimage"},"image":{"@id":"https:\/\/www.lajangadamazonas.com\/spanish\/lagos-de-yahuarcaca\/#primaryimage"},"thumbnailUrl":"https:\/\/www.lajangadamazonas.com\/spanish\/wp-content\/uploads\/2024\/11\/lagos.png","datePublished":"2024-11-06T23:22:37+00:00","dateModified":"2024-12-20T17:47:05+00:00","breadcrumb":{"@id":"https:\/\/www.lajangadamazonas.com\/spanish\/lagos-de-yahuarcaca\/#breadcrumb"},"inLanguage":"es-CO","potentialAction":[{"@type":"ReadAction","target":["https:\/\/www.lajangadamazonas.com\/spanish\/lagos-de-yahuarcaca\/"]}]},{"@type":"ImageObject","inLanguage":"es-CO","@id":"https:\/\/www.lajangadamazonas.com\/spanish\/lagos-de-yahuarcaca\/#primaryimage","url":"https:\/\/www.lajangadamazonas.com\/spanish\/wp-content\/uploads\/2024\/11\/lagos.png","contentUrl":"https:\/\/www.lajangadamazonas.com\/spanish\/wp-content\/uploads\/2024\/11\/lagos.png","width":341,"height":315},{"@type":"BreadcrumbList","@id":"https:\/\/www.lajangadamazonas.com\/spanish\/lagos-de-yahuarcaca\/#breadcrumb","itemListElement":[{"@type":"ListItem","position":1,"name":"Inicio","item":"https:\/\/www.lajangadamazonas.com\/spanish\/"},{"@type":"ListItem","position":2,"name":"Lagos de yahuarcaca"}]},{"@type":"WebSite","@id":"https:\/\/www.lajangadamazonas.com\/spanish\/#website","url":"https:\/\/www.lajangadamazonas.com\/spanish\/","name":"La Jangadamazonas","description":"Planes tur\u00edsticos en el Amazonas","potentialAction":[{"@type":"SearchAction","target":{"@type":"EntryPoint","urlTemplate":"https:\/\/www.lajangadamazonas.com\/spanish\/?s={search_term_string}"},"query-input":{"@type":"PropertyValueSpecification","valueRequired":true,"valueName":"search_term_string"}}],"inLanguage":"es-CO"}]}},"_links":{"self":[{"href":"https:\/\/www.lajangadamazonas.com\/spanish\/wp-json\/wp\/v2\/pages\/28","targetHints":{"allow":["GET"]}}],"collection":[{"href":"https:\/\/www.lajangadamazonas.com\/spanish\/wp-json\/wp\/v2\/pages"}],"about":[{"href":"https:\/\/www.lajangadamazonas.com\/spanish\/wp-json\/wp\/v2\/types\/page"}],"author":[{"embeddable":true,"href":"https:\/\/www.lajangadamazonas.com\/spanish\/wp-json\/wp\/v2\/users\/1"}],"replies":[{"embeddable":true,"href":"https:\/\/www.lajangadamazonas.com\/spanish\/wp-json\/wp\/v2\/comments?post=28"}],"version-history":[{"count":1,"href":"https:\/\/www.lajangadamazonas.com\/spanish\/wp-json\/wp\/v2\/pages\/28\/revisions"}],"predecessor-version":[{"id":588,"href":"https:\/\/www.lajangadamazonas.com\/spanish\/wp-json\/wp\/v2\/pages\/28\/revisions\/588"}],"wp:attachment":[{"href":"https:\/\/www.lajangadamazonas.com\/spanish\/wp-json\/wp\/v2\/media?parent=28"}],"curies":[{"name":"wp","href":"https:\/\/api.w.org\/{rel}","templated":true}]}}