{"id":27,"date":"2024-11-06T18:22:19","date_gmt":"2024-11-06T23:22:19","guid":{"rendered":"https:\/\/lajangadamazonas.com\/?page_id=27"},"modified":"2024-12-20T12:41:12","modified_gmt":"2024-12-20T17:41:12","slug":"city-tours-3-fronteras","status":"publish","type":"page","link":"https:\/\/www.lajangadamazonas.com\/spanish\/city-tours-3-fronteras\/","title":{"rendered":"City tours 3 fronteras"},"content":{"rendered":"<div class=\"wpb-content-wrapper\"><p>[vc_row full_width=&#8221;stretch_row_content_no_spaces&#8221; css_animation=&#8221;zoomIn&#8221; el_class=&#8221;seo-block-home text-center color-white&#8221; css=&#8221;.vc_custom_1730944083288{padding-top: 6% !important;padding-right: 8% !important;padding-bottom: 3% !important;padding-left: 8% !important;}&#8221; conditional_render=&#8221;%5B%7B%22value_role%22%3A%22administrator%22%7D%5D&#8221;][vc_column][vc_row_inner][vc_column_inner][vc_column_text]<\/p>\n<p class=\"titulo\" style=\"color: #ffffff; font-size: 25pt; font-weight: 800; line-height: 1.2; text-align: center;\">CITY TOURS 3 FRONTERAS<\/p>\n<p>[\/vc_column_text][\/vc_column_inner][\/vc_row_inner][\/vc_column][\/vc_row][vc_row conditional_render=&#8221;%5B%7B%22value_role%22%3A%22administrator%22%7D%5D&#8221; css=&#8221;.vc_custom_1730983814624{margin-top: 6% !important;}&#8221;][vc_column width=&#8221;2\/3&#8243;][vc_column_text]<\/p>\n<p style=\"font-size: 15pt; text-align: justify;\"><strong>Descripci\u00f3n del tour<\/strong><\/p>\n<p>[\/vc_column_text][vc_column_text]<\/p>\n<p style=\"font-size: 12pt; text-align: justify;\">Recorrer la triple frontera de la mano de un anfitri\u00f3n es la mejor forma de optimizar tiempo, dinero y tener una mejor comprensi\u00f3n de lo que veas. escuches, huelas \u0423 pruebes.<br \/>\nComenzando en el museo etnogr\u00e1fico, tendr\u00e1s una visita guiada en la que podr\u00e1s comprender el crisol de comunidades ind\u00edgenas que habitan esta porci\u00f3n del bioma amaz\u00f3nico. sus costumbres y tradiciones. La plaza de mercado te sorprender\u00e1 con sabores y colores de frutos y pescados que quiz\u00e1s nunca escuchaste hablar. Al cruzar a la isla de Santa Rosa (Per\u00fa) podr\u00e1s estar en los tres pa\u00edses en el mismo instante, as\u00ed como degustar una caipirinha o un agua de coco en Tabatinga (Brasil). con vista al majestuoso r\u00edo Amazonas y el inigualable atardecer en el Parque Santander rodeado de loros aliblancos.<br \/>\nLa identidad amaz\u00f3nica prevalece ante las banderas de los tres pa\u00edses. donde conocer\u00e1s la historia de estas peque\u00f1as ciudades en medio de la cuenca amaz\u00f3nica, que a\u00fan busca la forma de conciliar la cultura occidental y la ind\u00edgena.<\/p>\n<p>[\/vc_column_text][vc_column_text]<\/p>\n<p style=\"text-align: left;\"><a style=\"text-decoration: none;\" href=\"https:\/\/api.whatsapp.com\/send\/?phone=573124510758&amp;text=Hola%21+Quiero+m%C3%A1s+informaci%C3%B3n+del+tour+CITY+TOUR+3+FRONTERAS&amp;type=phone_number&amp;app_absent=0\" target=\"_blank\" rel=\"noopener\"><span class=\"ver\">Reservar Tours<\/span><\/a><\/p>\n<p>[\/vc_column_text][\/vc_column][vc_column width=&#8221;1\/3&#8243; css=&#8221;.vc_custom_1730983798896{padding-top: 2% !important;padding-right: 2% !important;padding-left: 2% !important;background-color: rgba(5,148,88,0.15) !important;*background-color: rgb(5,148,88) !important;border-radius: 10px !important;}&#8221; conditional_render=&#8221;%5B%7B%22value_role%22%3A%22administrator%22%7D%5D&#8221;][vc_column_text css_animation=&#8221;zoomIn&#8221;]<\/p>\n<p style=\"font-size: 14pt; text-align: justify;\"><strong>Precios por persona<\/strong><\/p>\n<p>[\/vc_column_text][vc_column_text css_animation=&#8221;zoomIn&#8221;]<\/p>\n<table class=\"table\">\n<thead>\n<tr>\n<th style=\"text-align: center;\" scope=\"col\">N\u00b0 de personas<\/th>\n<th style=\"text-align: center;\" scope=\"col\">1\/2 d\u00eda<\/th>\n<\/tr>\n<\/thead>\n<tbody>\n<tr>\n<th style=\"text-align: center;\" scope=\"row\">1<\/th>\n<td style=\"text-align: center;\">150.000 COP<\/td>\n<\/tr>\n<tr>\n<th style=\"text-align: center;\" scope=\"row\">2<\/th>\n<td style=\"text-align: center;\">100.000 COP<\/td>\n<\/tr>\n<tr>\n<th style=\"text-align: center;\" scope=\"row\">3<\/th>\n<td style=\"text-align: center;\" colspan=\"2\">80.000 COP<\/td>\n<\/tr>\n<tr>\n<th style=\"text-align: center;\" scope=\"row\">4<\/th>\n<td style=\"text-align: center;\" colspan=\"2\">70.000 COP<\/td>\n<\/tr>\n<tr>\n<th style=\"text-align: center;\" scope=\"row\">5<\/th>\n<td style=\"text-align: center;\" colspan=\"2\">60.000 COP<\/td>\n<\/tr>\n<\/tbody>\n<\/table>\n<p>[\/vc_column_text][\/vc_column][\/vc_row]<\/p>\n<\/div>","protected":false},"excerpt":{"rendered":"<p>[vc_row full_width=&#8221;stretch_row_content_no_spaces&#8221; css_animation=&#8221;zoomIn&#8221; el_class=&#8221;seo-block-home text-center color-white&#8221; css=&#8221;.vc_custom_1730944083288{padding-top: 6% !important;padding-right: 8% !important;padding-bottom: 3% !important;padding-left: 8% !important;}&#8221; conditional_render=&#8221;%5B%7B%22value_role%22%3A%22administrator%22%7D%5D&#8221;][vc_column][vc_row_inner][vc_column_inner][vc_column_text] CITY TOURS 3 FRONTERAS [\/vc_column_text][\/vc_column_inner][\/vc_row_inner][\/vc_column][\/vc_row][vc_row conditional_render=&#8221;%5B%7B%22value_role%22%3A%22administrator%22%7D%5D&#8221; css=&#8221;.vc_custom_1730983814624{margin-top: 6% !important;}&#8221;][vc_column width=&#8221;2\/3&#8243;][vc_column_text] Descripci\u00f3n del tour [\/vc_column_text][vc_column_text] Recorrer la triple frontera de la mano de un anfitri\u00f3n es la mejor forma de optimizar tiempo, dinero y tener una mejor comprensi\u00f3n de lo [&hellip;]<\/p>\n","protected":false},"author":1,"featured_media":0,"parent":0,"menu_order":0,"comment_status":"closed","ping_status":"closed","template":"","meta":{"_joinchat":[],"footnotes":""},"class_list":["post-27","page","type-page","status-publish","hentry"],"yoast_head":"<!-- This site is optimized with the Yoast SEO plugin v27.1.1 - https:\/\/yoast.com\/product\/yoast-seo-wordpress\/ -->\n<title>City tours 3 fronteras - La Jangadamazonas<\/title>\n<meta name=\"robots\" content=\"index, follow, max-snippet:-1, max-image-preview:large, max-video-preview:-1\" \/>\n<link rel=\"canonical\" href=\"https:\/\/www.lajangadamazonas.com\/spanish\/city-tours-3-fronteras\/\" \/>\n<meta property=\"og:locale\" content=\"es_ES\" \/>\n<meta property=\"og:type\" content=\"article\" \/>\n<meta property=\"og:title\" content=\"City tours 3 fronteras - La Jangadamazonas\" \/>\n<meta property=\"og:description\" content=\"[vc_row full_width=&#8221;stretch_row_content_no_spaces&#8221; css_animation=&#8221;zoomIn&#8221; el_class=&#8221;seo-block-home text-center color-white&#8221; css=&#8221;.vc_custom_1730944083288{padding-top: 6% !important;padding-right: 8% !important;padding-bottom: 3% !important;padding-left: 8% !important;}&#8221; conditional_render=&#8221;%5B%7B%22value_role%22%3A%22administrator%22%7D%5D&#8221;][vc_column][vc_row_inner][vc_column_inner][vc_column_text] CITY TOURS 3 FRONTERAS [\/vc_column_text][\/vc_column_inner][\/vc_row_inner][\/vc_column][\/vc_row][vc_row conditional_render=&#8221;%5B%7B%22value_role%22%3A%22administrator%22%7D%5D&#8221; css=&#8221;.vc_custom_1730983814624{margin-top: 6% !important;}&#8221;][vc_column width=&#8221;2\/3&#8243;][vc_column_text] Descripci\u00f3n del tour [\/vc_column_text][vc_column_text] Recorrer la triple frontera de la mano de un anfitri\u00f3n es la mejor forma de optimizar tiempo, dinero y tener una mejor comprensi\u00f3n de lo [&hellip;]\" \/>\n<meta property=\"og:url\" content=\"https:\/\/www.lajangadamazonas.com\/spanish\/city-tours-3-fronteras\/\" \/>\n<meta property=\"og:site_name\" content=\"La Jangadamazonas\" \/>\n<meta property=\"article:publisher\" content=\"https:\/\/www.facebook.com\/LaJangada\/?profile_tab_item_selected=about&amp;_rdr\" \/>\n<meta property=\"article:modified_time\" content=\"2024-12-20T17:41:12+00:00\" \/>\n<meta name=\"twitter:card\" content=\"summary_large_image\" \/>\n<meta name=\"twitter:label1\" content=\"Tiempo de lectura\" \/>\n\t<meta name=\"twitter:data1\" content=\"2 minutos\" \/>\n<script type=\"application\/ld+json\" class=\"yoast-schema-graph\">{\"@context\":\"https:\/\/schema.org\",\"@graph\":[{\"@type\":\"WebPage\",\"@id\":\"https:\/\/www.lajangadamazonas.com\/spanish\/city-tours-3-fronteras\/\",\"url\":\"https:\/\/www.lajangadamazonas.com\/spanish\/city-tours-3-fronteras\/\",\"name\":\"City tours 3 fronteras - La Jangadamazonas\",\"isPartOf\":{\"@id\":\"https:\/\/www.lajangadamazonas.com\/spanish\/#website\"},\"datePublished\":\"2024-11-06T23:22:19+00:00\",\"dateModified\":\"2024-12-20T17:41:12+00:00\",\"breadcrumb\":{\"@id\":\"https:\/\/www.lajangadamazonas.com\/spanish\/city-tours-3-fronteras\/#breadcrumb\"},\"inLanguage\":\"es-CO\",\"potentialAction\":[{\"@type\":\"ReadAction\",\"target\":[\"https:\/\/www.lajangadamazonas.com\/spanish\/city-tours-3-fronteras\/\"]}]},{\"@type\":\"BreadcrumbList\",\"@id\":\"https:\/\/www.lajangadamazonas.com\/spanish\/city-tours-3-fronteras\/#breadcrumb\",\"itemListElement\":[{\"@type\":\"ListItem\",\"position\":1,\"name\":\"Inicio\",\"item\":\"https:\/\/www.lajangadamazonas.com\/spanish\/\"},{\"@type\":\"ListItem\",\"position\":2,\"name\":\"City tours 3 fronteras\"}]},{\"@type\":\"WebSite\",\"@id\":\"https:\/\/www.lajangadamazonas.com\/spanish\/#website\",\"url\":\"https:\/\/www.lajangadamazonas.com\/spanish\/\",\"name\":\"La Jangadamazonas\",\"description\":\"Planes tur\u00edsticos en el Amazonas\",\"potentialAction\":[{\"@type\":\"SearchAction\",\"target\":{\"@type\":\"EntryPoint\",\"urlTemplate\":\"https:\/\/www.lajangadamazonas.com\/spanish\/?s={search_term_string}\"},\"query-input\":{\"@type\":\"PropertyValueSpecification\",\"valueRequired\":true,\"valueName\":\"search_term_string\"}}],\"inLanguage\":\"es-CO\"}]}<\/script>\n<!-- \/ Yoast SEO plugin. -->","yoast_head_json":{"title":"City tours 3 fronteras - La Jangadamazonas","robots":{"index":"index","follow":"follow","max-snippet":"max-snippet:-1","max-image-preview":"max-image-preview:large","max-video-preview":"max-video-preview:-1"},"canonical":"https:\/\/www.lajangadamazonas.com\/spanish\/city-tours-3-fronteras\/","og_locale":"es_ES","og_type":"article","og_title":"City tours 3 fronteras - La Jangadamazonas","og_description":"[vc_row full_width=&#8221;stretch_row_content_no_spaces&#8221; css_animation=&#8221;zoomIn&#8221; el_class=&#8221;seo-block-home text-center color-white&#8221; css=&#8221;.vc_custom_1730944083288{padding-top: 6% !important;padding-right: 8% !important;padding-bottom: 3% !important;padding-left: 8% !important;}&#8221; conditional_render=&#8221;%5B%7B%22value_role%22%3A%22administrator%22%7D%5D&#8221;][vc_column][vc_row_inner][vc_column_inner][vc_column_text] CITY TOURS 3 FRONTERAS [\/vc_column_text][\/vc_column_inner][\/vc_row_inner][\/vc_column][\/vc_row][vc_row conditional_render=&#8221;%5B%7B%22value_role%22%3A%22administrator%22%7D%5D&#8221; css=&#8221;.vc_custom_1730983814624{margin-top: 6% !important;}&#8221;][vc_column width=&#8221;2\/3&#8243;][vc_column_text] Descripci\u00f3n del tour [\/vc_column_text][vc_column_text] Recorrer la triple frontera de la mano de un anfitri\u00f3n es la mejor forma de optimizar tiempo, dinero y tener una mejor comprensi\u00f3n de lo [&hellip;]","og_url":"https:\/\/www.lajangadamazonas.com\/spanish\/city-tours-3-fronteras\/","og_site_name":"La Jangadamazonas","article_publisher":"https:\/\/www.facebook.com\/LaJangada\/?profile_tab_item_selected=about&_rdr","article_modified_time":"2024-12-20T17:41:12+00:00","twitter_card":"summary_large_image","twitter_misc":{"Tiempo de lectura":"2 minutos"},"schema":{"@context":"https:\/\/schema.org","@graph":[{"@type":"WebPage","@id":"https:\/\/www.lajangadamazonas.com\/spanish\/city-tours-3-fronteras\/","url":"https:\/\/www.lajangadamazonas.com\/spanish\/city-tours-3-fronteras\/","name":"City tours 3 fronteras - La Jangadamazonas","isPartOf":{"@id":"https:\/\/www.lajangadamazonas.com\/spanish\/#website"},"datePublished":"2024-11-06T23:22:19+00:00","dateModified":"2024-12-20T17:41:12+00:00","breadcrumb":{"@id":"https:\/\/www.lajangadamazonas.com\/spanish\/city-tours-3-fronteras\/#breadcrumb"},"inLanguage":"es-CO","potentialAction":[{"@type":"ReadAction","target":["https:\/\/www.lajangadamazonas.com\/spanish\/city-tours-3-fronteras\/"]}]},{"@type":"BreadcrumbList","@id":"https:\/\/www.lajangadamazonas.com\/spanish\/city-tours-3-fronteras\/#breadcrumb","itemListElement":[{"@type":"ListItem","position":1,"name":"Inicio","item":"https:\/\/www.lajangadamazonas.com\/spanish\/"},{"@type":"ListItem","position":2,"name":"City tours 3 fronteras"}]},{"@type":"WebSite","@id":"https:\/\/www.lajangadamazonas.com\/spanish\/#website","url":"https:\/\/www.lajangadamazonas.com\/spanish\/","name":"La Jangadamazonas","description":"Planes tur\u00edsticos en el Amazonas","potentialAction":[{"@type":"SearchAction","target":{"@type":"EntryPoint","urlTemplate":"https:\/\/www.lajangadamazonas.com\/spanish\/?s={search_term_string}"},"query-input":{"@type":"PropertyValueSpecification","valueRequired":true,"valueName":"search_term_string"}}],"inLanguage":"es-CO"}]}},"_links":{"self":[{"href":"https:\/\/www.lajangadamazonas.com\/spanish\/wp-json\/wp\/v2\/pages\/27","targetHints":{"allow":["GET"]}}],"collection":[{"href":"https:\/\/www.lajangadamazonas.com\/spanish\/wp-json\/wp\/v2\/pages"}],"about":[{"href":"https:\/\/www.lajangadamazonas.com\/spanish\/wp-json\/wp\/v2\/types\/page"}],"author":[{"embeddable":true,"href":"https:\/\/www.lajangadamazonas.com\/spanish\/wp-json\/wp\/v2\/users\/1"}],"replies":[{"embeddable":true,"href":"https:\/\/www.lajangadamazonas.com\/spanish\/wp-json\/wp\/v2\/comments?post=27"}],"version-history":[{"count":1,"href":"https:\/\/www.lajangadamazonas.com\/spanish\/wp-json\/wp\/v2\/pages\/27\/revisions"}],"predecessor-version":[{"id":585,"href":"https:\/\/www.lajangadamazonas.com\/spanish\/wp-json\/wp\/v2\/pages\/27\/revisions\/585"}],"wp:attachment":[{"href":"https:\/\/www.lajangadamazonas.com\/spanish\/wp-json\/wp\/v2\/media?parent=27"}],"curies":[{"name":"wp","href":"https:\/\/api.w.org\/{rel}","templated":true}]}}