{"id":26,"date":"2024-11-06T18:21:09","date_gmt":"2024-11-06T23:21:09","guid":{"rendered":"https:\/\/lajangadamazonas.com\/?page_id=26"},"modified":"2024-11-16T11:05:20","modified_gmt":"2024-11-16T16:05:20","slug":"contacto","status":"publish","type":"page","link":"https:\/\/www.lajangadamazonas.com\/spanish\/contacto\/","title":{"rendered":"Contacto"},"content":{"rendered":"<div class=\"wpb-content-wrapper\"><p>[vc_row full_width=&#8221;stretch_row_content_no_spaces&#8221; css_animation=&#8221;zoomIn&#8221; el_class=&#8221;seo-block-home text-center color-white&#8221; css=&#8221;.vc_custom_1730944083288{padding-top: 6% !important;padding-right: 8% !important;padding-bottom: 3% !important;padding-left: 8% !important;}&#8221; conditional_render=&#8221;%5B%7B%22value_role%22%3A%22administrator%22%7D%5D&#8221;][vc_column][vc_row_inner][vc_column_inner][vc_column_text]<\/p>\n<p class=\"titulo\" style=\"color: #ffffff; font-size: 25pt; font-weight: 800; line-height: 1.2; text-align: center;\">CONTACTENOS<\/p>\n<p>[\/vc_column_text][\/vc_column_inner][\/vc_row_inner][\/vc_column][\/vc_row][vc_row content_placement=&#8221;middle&#8221; conditional_render=&#8221;%5B%7B%22value_role%22%3A%22administrator%22%7D%5D&#8221; css=&#8221;.vc_custom_1731773120077{margin-top: 6% !important;margin-bottom: 5% !important;}&#8221;][vc_column width=&#8221;1\/2&#8243;][vc_column_text]<\/p>\n<p style=\"font-size: 15pt; text-align: justify;\">Nuestro equipo est\u00e1 a tu entera disposici\u00f3n para darte toda la informaci\u00f3n y los detalles que necesites. Cont\u00e1ctanos por correo electr\u00f3nico o por Whatsapp y nos encargaremos de proponerte las soluciones optimas para que saques lo mejor de tu estancia en el Amazonas.<\/p>\n<p>[\/vc_column_text][vc_row_inner css=&#8221;.vc_custom_1731773033443{padding-top: 5% !important;}&#8221;][vc_column_inner]<div class=\"porto-sicon-box  wpb_custom_254ab0326cfe76090df15ae46ef48c52 style_1 default-icon\"><div class=\"porto-sicon-default\"><div id=\"porto-icon-36389805569f263f7b9d67\" class=\"porto-just-icon-wrapper porto-sicon-img\" style=\"font-size: 48px;\"><img loading=\"lazy\" decoding=\"async\" class=\"img-icon\" alt=\"\" src=\"https:\/\/www.lajangadamazonas.com\/spanish\/wp-content\/uploads\/2024\/11\/correo.png\" width=\"120\" height=\"91\" \/><\/div><\/div><div class=\"porto-sicon-header\"><h3 class=\"porto-sicon-title\" style=\"\">Contacto Tours<\/h3><p>jangadatours@gmail.com<\/p><\/div> <!-- header --><\/div><!-- porto-sicon-box --><div class=\"porto-sicon-box  vc_custom_1731772715221  wpb_custom_254ab0326cfe76090df15ae46ef48c52 style_1 default-icon\"><div class=\"porto-sicon-default\"><div id=\"porto-icon-192853356269f263f7b9fde\" class=\"porto-just-icon-wrapper porto-sicon-img\" style=\"font-size: 48px;\"><img loading=\"lazy\" decoding=\"async\" class=\"img-icon\" alt=\"\" src=\"https:\/\/www.lajangadamazonas.com\/spanish\/wp-content\/uploads\/2024\/11\/correo.png\" width=\"120\" height=\"91\" \/><\/div><\/div><div class=\"porto-sicon-header\"><h3 class=\"porto-sicon-title\" style=\"\">Contacto Alojamiento<\/h3><p>lajangadaecohostal@gmail.com<\/p><\/div> <!-- header --><\/div><!-- porto-sicon-box -->[\/vc_column_inner][\/vc_row_inner][vc_row_inner][vc_column_inner width=&#8221;1\/2&#8243;]<div class=\"porto-sicon-box  vc_custom_1731772835709  wpb_custom_254ab0326cfe76090df15ae46ef48c52 style_1 default-icon\"><div class=\"porto-sicon-default\"><div id=\"porto-icon-60135808569f263f7ba379\" class=\"porto-just-icon-wrapper porto-sicon-img\" style=\"font-size: 30px;\"><img loading=\"lazy\" decoding=\"async\" class=\"img-icon\" alt=\"\" src=\"https:\/\/www.lajangadamazonas.com\/spanish\/wp-content\/uploads\/2024\/11\/cel.png\" width=\"58\" height=\"91\" \/><\/div><\/div><div class=\"porto-sicon-header\"><h3 class=\"porto-sicon-title\" style=\"\">Contacto Martha <\/h3><p>+57 312 4510758 <\/p><\/div> <!-- header --><\/div><!-- porto-sicon-box -->[\/vc_column_inner][vc_column_inner width=&#8221;1\/2&#8243;]<div class=\"porto-sicon-box  vc_custom_1731772862868  wpb_custom_254ab0326cfe76090df15ae46ef48c52 style_1 default-icon\"><div class=\"porto-sicon-default\"><div id=\"porto-icon-104930181969f263f7ba55a\" class=\"porto-just-icon-wrapper porto-sicon-img\" style=\"font-size: 30px;\"><img loading=\"lazy\" decoding=\"async\" class=\"img-icon\" alt=\"\" src=\"https:\/\/www.lajangadamazonas.com\/spanish\/wp-content\/uploads\/2024\/11\/cel.png\" width=\"58\" height=\"91\" \/><\/div><\/div><div class=\"porto-sicon-header\"><h3 class=\"porto-sicon-title\" style=\"\">Contacto Esteban<\/h3><p>+57 311 5827158<\/p><\/div> <!-- header --><\/div><!-- porto-sicon-box -->[\/vc_column_inner][\/vc_row_inner][\/vc_column][vc_column width=&#8221;1\/2&#8243; css=&#8221;.vc_custom_1731772217788{padding-right: 2% !important;padding-left: 2% !important;background-color: rgba(5,148,88,0.15) !important;*background-color: rgb(5,148,88) !important;border-radius: 10px !important;}&#8221; conditional_render=&#8221;%5B%7B%22value_role%22%3A%22administrator%22%7D%5D&#8221;]<style id=\"wpforms-css-vars-251\">\n\t\t\t\t#wpforms-251 {\n\t\t\t\t\n\t\t\t}\n\t\t\t<\/style><div class=\"wpforms-container wpforms-container-full wpforms-render-modern\" id=\"wpforms-251\"><form id=\"wpforms-form-251\" class=\"wpforms-validate wpforms-form wpforms-ajax-form\" data-formid=\"251\" method=\"post\" enctype=\"multipart\/form-data\" action=\"\/spanish\/wp-json\/wp\/v2\/pages\/26\" data-token=\"d02c42ebb2a26420e97799fe225551cd\" data-token-time=\"1777492983\"><noscript class=\"wpforms-error-noscript\">Por favor, activa JavaScript en tu navegador para completar este formulario.<\/noscript><div id=\"wpforms-error-noscript\" style=\"display: none;\">Por favor, activa JavaScript en tu navegador para completar este formulario.<\/div><div class=\"wpforms-field-container\"><div id=\"wpforms-251-field_1-container\" class=\"wpforms-field wpforms-field-name\" data-field-id=\"1\"><label class=\"wpforms-field-label wpforms-label-hide\" for=\"wpforms-251-field_1\" aria-hidden=\"false\">Nombre Completo <span class=\"wpforms-required-label\" aria-hidden=\"true\">*<\/span><\/label><input type=\"text\" id=\"wpforms-251-field_1\" class=\"wpforms-field-large wpforms-field-required\" name=\"wpforms[fields][1]\" placeholder=\"Nombre Completo\" aria-errormessage=\"wpforms-251-field_1-error\" required><\/div><div id=\"wpforms-251-field_2-container\" class=\"wpforms-field wpforms-field-email\" data-field-id=\"2\"><label class=\"wpforms-field-label wpforms-label-hide\" for=\"wpforms-251-field_2\" aria-hidden=\"false\">Correo electr\u00f3nico <span class=\"wpforms-required-label\" aria-hidden=\"true\">*<\/span><\/label><input type=\"email\" id=\"wpforms-251-field_2\" class=\"wpforms-field-large wpforms-field-required\" name=\"wpforms[fields][2]\" placeholder=\"Correo electr\u00f3nico\" spellcheck=\"false\" aria-errormessage=\"wpforms-251-field_2-error\" required><\/div>\t\t<div id=\"wpforms-251-field_5-container\"\n\t\t\tclass=\"wpforms-field wpforms-field-text\"\n\t\t\tdata-field-type=\"text\"\n\t\t\tdata-field-id=\"5\"\n\t\t\t>\n\t\t\t<label class=\"wpforms-field-label\" for=\"wpforms-251-field_5\" >mensaje o Comentario<\/label>\n\t\t\t<input type=\"text\" id=\"wpforms-251-field_5\" class=\"wpforms-field-medium\" name=\"wpforms[fields][5]\" >\n\t\t<\/div>\n\t\t<div id=\"wpforms-251-field_4-container\" class=\"wpforms-field wpforms-field-number\" data-field-id=\"4\"><label class=\"wpforms-field-label wpforms-label-hide\" for=\"wpforms-251-field_4\" aria-hidden=\"false\">Tel\u00e9fono - Celular<\/label><input type=\"number\" id=\"wpforms-251-field_4\" class=\"wpforms-field-large\" name=\"wpforms[fields][4]\" placeholder=\"Tel\u00e9fono - Celular\" step=\"any\" aria-errormessage=\"wpforms-251-field_4-error\" ><\/div><div id=\"wpforms-251-field_3-container\" class=\"wpforms-field wpforms-field-textarea\" data-field-id=\"3\"><label class=\"wpforms-field-label wpforms-label-hide\" for=\"wpforms-251-field_3\" aria-hidden=\"false\">Comentario o mensaje<\/label><textarea id=\"wpforms-251-field_3\" class=\"wpforms-field-medium\" name=\"wpforms[fields][3]\" placeholder=\"Comentario o mensaje\" aria-errormessage=\"wpforms-251-field_3-error\" ><\/textarea><\/div><script>\n\t\t\t\t( function() {\n\t\t\t\t\tconst style = document.createElement( 'style' );\n\t\t\t\t\tstyle.appendChild( document.createTextNode( '#wpforms-251-field_5-container { position: absolute !important; overflow: hidden !important; display: inline !important; height: 1px !important; width: 1px !important; z-index: -1000 !important; padding: 0 !important; } #wpforms-251-field_5-container input { visibility: hidden; } #wpforms-conversational-form-page #wpforms-251-field_5-container label { counter-increment: none; }' ) );\n\t\t\t\t\tdocument.head.appendChild( style );\n\t\t\t\t\tdocument.currentScript?.remove();\n\t\t\t\t} )();\n\t\t\t<\/script><\/div><!-- .wpforms-field-container --><div class=\"wpforms-submit-container\" ><input type=\"hidden\" name=\"wpforms[id]\" value=\"251\"><input type=\"hidden\" name=\"page_title\" value=\"\"><input type=\"hidden\" name=\"page_url\" value=\"https:\/\/www.lajangadamazonas.com\/spanish\/wp-json\/wp\/v2\/pages\/26\"><input type=\"hidden\" name=\"url_referer\" value=\"\"><button type=\"submit\" name=\"wpforms[submit]\" id=\"wpforms-submit-251\" class=\"wpforms-submit\" data-alt-text=\"Enviando...\" data-submit-text=\"Enviar\" aria-live=\"assertive\" value=\"wpforms-submit\">Enviar<\/button><img loading=\"lazy\" decoding=\"async\" src=\"https:\/\/www.lajangadamazonas.com\/spanish\/wp-content\/plugins\/wpforms-lite\/assets\/images\/submit-spin.svg\" class=\"wpforms-submit-spinner\" style=\"display: none;\" width=\"26\" height=\"26\" alt=\"Cargando\"><\/div><\/form><\/div>  <!-- .wpforms-container -->[\/vc_column][\/vc_row]<\/p>\n<\/div>","protected":false},"excerpt":{"rendered":"<p>[vc_row full_width=&#8221;stretch_row_content_no_spaces&#8221; css_animation=&#8221;zoomIn&#8221; el_class=&#8221;seo-block-home text-center color-white&#8221; css=&#8221;.vc_custom_1730944083288{padding-top: 6% !important;padding-right: 8% !important;padding-bottom: 3% !important;padding-left: 8% !important;}&#8221; conditional_render=&#8221;%5B%7B%22value_role%22%3A%22administrator%22%7D%5D&#8221;][vc_column][vc_row_inner][vc_column_inner][vc_column_text] CONTACTENOS [\/vc_column_text][\/vc_column_inner][\/vc_row_inner][\/vc_column][\/vc_row][vc_row content_placement=&#8221;middle&#8221; conditional_render=&#8221;%5B%7B%22value_role%22%3A%22administrator%22%7D%5D&#8221; css=&#8221;.vc_custom_1731773120077{margin-top: 6% !important;margin-bottom: 5% !important;}&#8221;][vc_column width=&#8221;1\/2&#8243;][vc_column_text] Nuestro equipo est\u00e1 a tu entera disposici\u00f3n para darte toda la informaci\u00f3n y los detalles que necesites. Cont\u00e1ctanos por correo electr\u00f3nico o por Whatsapp y nos encargaremos de proponerte [&hellip;]<\/p>\n","protected":false},"author":1,"featured_media":0,"parent":0,"menu_order":0,"comment_status":"closed","ping_status":"closed","template":"","meta":{"_joinchat":[],"footnotes":""},"class_list":["post-26","page","type-page","status-publish","hentry"],"yoast_head":"<!-- This site is optimized with the Yoast SEO plugin v27.1.1 - https:\/\/yoast.com\/product\/yoast-seo-wordpress\/ -->\n<title>Contacto - La Jangadamazonas<\/title>\n<meta name=\"robots\" content=\"index, follow, max-snippet:-1, max-image-preview:large, max-video-preview:-1\" \/>\n<link rel=\"canonical\" href=\"https:\/\/www.lajangadamazonas.com\/spanish\/contacto\/\" \/>\n<meta property=\"og:locale\" content=\"es_ES\" \/>\n<meta property=\"og:type\" content=\"article\" \/>\n<meta property=\"og:title\" content=\"Contacto - La Jangadamazonas\" \/>\n<meta property=\"og:description\" content=\"[vc_row full_width=&#8221;stretch_row_content_no_spaces&#8221; css_animation=&#8221;zoomIn&#8221; el_class=&#8221;seo-block-home text-center color-white&#8221; css=&#8221;.vc_custom_1730944083288{padding-top: 6% !important;padding-right: 8% !important;padding-bottom: 3% !important;padding-left: 8% !important;}&#8221; conditional_render=&#8221;%5B%7B%22value_role%22%3A%22administrator%22%7D%5D&#8221;][vc_column][vc_row_inner][vc_column_inner][vc_column_text] CONTACTENOS [\/vc_column_text][\/vc_column_inner][\/vc_row_inner][\/vc_column][\/vc_row][vc_row content_placement=&#8221;middle&#8221; conditional_render=&#8221;%5B%7B%22value_role%22%3A%22administrator%22%7D%5D&#8221; css=&#8221;.vc_custom_1731773120077{margin-top: 6% !important;margin-bottom: 5% !important;}&#8221;][vc_column width=&#8221;1\/2&#8243;][vc_column_text] Nuestro equipo est\u00e1 a tu entera disposici\u00f3n para darte toda la informaci\u00f3n y los detalles que necesites. Cont\u00e1ctanos por correo electr\u00f3nico o por Whatsapp y nos encargaremos de proponerte [&hellip;]\" \/>\n<meta property=\"og:url\" content=\"https:\/\/www.lajangadamazonas.com\/spanish\/contacto\/\" \/>\n<meta property=\"og:site_name\" content=\"La Jangadamazonas\" \/>\n<meta property=\"article:publisher\" content=\"https:\/\/www.facebook.com\/LaJangada\/?profile_tab_item_selected=about&amp;_rdr\" \/>\n<meta property=\"article:modified_time\" content=\"2024-11-16T16:05:20+00:00\" \/>\n<meta name=\"twitter:card\" content=\"summary_large_image\" \/>\n<meta name=\"twitter:label1\" content=\"Tiempo de lectura\" \/>\n\t<meta name=\"twitter:data1\" content=\"2 minutos\" \/>\n<script type=\"application\/ld+json\" class=\"yoast-schema-graph\">{\"@context\":\"https:\/\/schema.org\",\"@graph\":[{\"@type\":\"WebPage\",\"@id\":\"https:\/\/www.lajangadamazonas.com\/spanish\/contacto\/\",\"url\":\"https:\/\/www.lajangadamazonas.com\/spanish\/contacto\/\",\"name\":\"Contacto - La Jangadamazonas\",\"isPartOf\":{\"@id\":\"https:\/\/www.lajangadamazonas.com\/spanish\/#website\"},\"datePublished\":\"2024-11-06T23:21:09+00:00\",\"dateModified\":\"2024-11-16T16:05:20+00:00\",\"breadcrumb\":{\"@id\":\"https:\/\/www.lajangadamazonas.com\/spanish\/contacto\/#breadcrumb\"},\"inLanguage\":\"es-CO\",\"potentialAction\":[{\"@type\":\"ReadAction\",\"target\":[\"https:\/\/www.lajangadamazonas.com\/spanish\/contacto\/\"]}]},{\"@type\":\"BreadcrumbList\",\"@id\":\"https:\/\/www.lajangadamazonas.com\/spanish\/contacto\/#breadcrumb\",\"itemListElement\":[{\"@type\":\"ListItem\",\"position\":1,\"name\":\"Inicio\",\"item\":\"https:\/\/www.lajangadamazonas.com\/spanish\/\"},{\"@type\":\"ListItem\",\"position\":2,\"name\":\"Contacto\"}]},{\"@type\":\"WebSite\",\"@id\":\"https:\/\/www.lajangadamazonas.com\/spanish\/#website\",\"url\":\"https:\/\/www.lajangadamazonas.com\/spanish\/\",\"name\":\"La Jangadamazonas\",\"description\":\"Planes tur\u00edsticos en el Amazonas\",\"potentialAction\":[{\"@type\":\"SearchAction\",\"target\":{\"@type\":\"EntryPoint\",\"urlTemplate\":\"https:\/\/www.lajangadamazonas.com\/spanish\/?s={search_term_string}\"},\"query-input\":{\"@type\":\"PropertyValueSpecification\",\"valueRequired\":true,\"valueName\":\"search_term_string\"}}],\"inLanguage\":\"es-CO\"}]}<\/script>\n<!-- \/ Yoast SEO plugin. -->","yoast_head_json":{"title":"Contacto - La Jangadamazonas","robots":{"index":"index","follow":"follow","max-snippet":"max-snippet:-1","max-image-preview":"max-image-preview:large","max-video-preview":"max-video-preview:-1"},"canonical":"https:\/\/www.lajangadamazonas.com\/spanish\/contacto\/","og_locale":"es_ES","og_type":"article","og_title":"Contacto - La Jangadamazonas","og_description":"[vc_row full_width=&#8221;stretch_row_content_no_spaces&#8221; css_animation=&#8221;zoomIn&#8221; el_class=&#8221;seo-block-home text-center color-white&#8221; css=&#8221;.vc_custom_1730944083288{padding-top: 6% !important;padding-right: 8% !important;padding-bottom: 3% !important;padding-left: 8% !important;}&#8221; conditional_render=&#8221;%5B%7B%22value_role%22%3A%22administrator%22%7D%5D&#8221;][vc_column][vc_row_inner][vc_column_inner][vc_column_text] CONTACTENOS [\/vc_column_text][\/vc_column_inner][\/vc_row_inner][\/vc_column][\/vc_row][vc_row content_placement=&#8221;middle&#8221; conditional_render=&#8221;%5B%7B%22value_role%22%3A%22administrator%22%7D%5D&#8221; css=&#8221;.vc_custom_1731773120077{margin-top: 6% !important;margin-bottom: 5% !important;}&#8221;][vc_column width=&#8221;1\/2&#8243;][vc_column_text] Nuestro equipo est\u00e1 a tu entera disposici\u00f3n para darte toda la informaci\u00f3n y los detalles que necesites. Cont\u00e1ctanos por correo electr\u00f3nico o por Whatsapp y nos encargaremos de proponerte [&hellip;]","og_url":"https:\/\/www.lajangadamazonas.com\/spanish\/contacto\/","og_site_name":"La Jangadamazonas","article_publisher":"https:\/\/www.facebook.com\/LaJangada\/?profile_tab_item_selected=about&_rdr","article_modified_time":"2024-11-16T16:05:20+00:00","twitter_card":"summary_large_image","twitter_misc":{"Tiempo de lectura":"2 minutos"},"schema":{"@context":"https:\/\/schema.org","@graph":[{"@type":"WebPage","@id":"https:\/\/www.lajangadamazonas.com\/spanish\/contacto\/","url":"https:\/\/www.lajangadamazonas.com\/spanish\/contacto\/","name":"Contacto - La Jangadamazonas","isPartOf":{"@id":"https:\/\/www.lajangadamazonas.com\/spanish\/#website"},"datePublished":"2024-11-06T23:21:09+00:00","dateModified":"2024-11-16T16:05:20+00:00","breadcrumb":{"@id":"https:\/\/www.lajangadamazonas.com\/spanish\/contacto\/#breadcrumb"},"inLanguage":"es-CO","potentialAction":[{"@type":"ReadAction","target":["https:\/\/www.lajangadamazonas.com\/spanish\/contacto\/"]}]},{"@type":"BreadcrumbList","@id":"https:\/\/www.lajangadamazonas.com\/spanish\/contacto\/#breadcrumb","itemListElement":[{"@type":"ListItem","position":1,"name":"Inicio","item":"https:\/\/www.lajangadamazonas.com\/spanish\/"},{"@type":"ListItem","position":2,"name":"Contacto"}]},{"@type":"WebSite","@id":"https:\/\/www.lajangadamazonas.com\/spanish\/#website","url":"https:\/\/www.lajangadamazonas.com\/spanish\/","name":"La Jangadamazonas","description":"Planes tur\u00edsticos en el Amazonas","potentialAction":[{"@type":"SearchAction","target":{"@type":"EntryPoint","urlTemplate":"https:\/\/www.lajangadamazonas.com\/spanish\/?s={search_term_string}"},"query-input":{"@type":"PropertyValueSpecification","valueRequired":true,"valueName":"search_term_string"}}],"inLanguage":"es-CO"}]}},"_links":{"self":[{"href":"https:\/\/www.lajangadamazonas.com\/spanish\/wp-json\/wp\/v2\/pages\/26","targetHints":{"allow":["GET"]}}],"collection":[{"href":"https:\/\/www.lajangadamazonas.com\/spanish\/wp-json\/wp\/v2\/pages"}],"about":[{"href":"https:\/\/www.lajangadamazonas.com\/spanish\/wp-json\/wp\/v2\/types\/page"}],"author":[{"embeddable":true,"href":"https:\/\/www.lajangadamazonas.com\/spanish\/wp-json\/wp\/v2\/users\/1"}],"replies":[{"embeddable":true,"href":"https:\/\/www.lajangadamazonas.com\/spanish\/wp-json\/wp\/v2\/comments?post=26"}],"version-history":[{"count":0,"href":"https:\/\/www.lajangadamazonas.com\/spanish\/wp-json\/wp\/v2\/pages\/26\/revisions"}],"wp:attachment":[{"href":"https:\/\/www.lajangadamazonas.com\/spanish\/wp-json\/wp\/v2\/media?parent=26"}],"curies":[{"name":"wp","href":"https:\/\/api.w.org\/{rel}","templated":true}]}}