{"id":23,"date":"2024-11-06T18:19:29","date_gmt":"2024-11-06T23:19:29","guid":{"rendered":"https:\/\/lajangadamazonas.com\/?page_id=23"},"modified":"2024-11-16T12:15:24","modified_gmt":"2024-11-16T17:15:24","slug":"nosotros","status":"publish","type":"page","link":"https:\/\/www.lajangadamazonas.com\/spanish\/nosotros\/","title":{"rendered":"Nosotros"},"content":{"rendered":"<div class=\"wpb-content-wrapper\"><p>[vc_row full_width=&#8221;stretch_row_content_no_spaces&#8221; css_animation=&#8221;zoomIn&#8221; css=&#8221;.vc_custom_1730986240341{padding-top: 6% !important;padding-right: 8% !important;padding-bottom: 3% !important;padding-left: 8% !important;}&#8221; conditional_render=&#8221;%5B%7B%22value_role%22%3A%22administrator%22%7D%5D&#8221; el_class=&#8221;seo-block-home text-center color-white&#8221;][vc_column][vc_row_inner][vc_column_inner][vc_column_text]<\/p>\n<p class=\"titulo\" style=\"color: #ffffff; font-size: 25pt; font-weight: 800; line-height: 1.2; text-align: center;\">QUIENES SOMOS<\/p>\n<p class=\"sub\" style=\"text-align: center; color: #ffffff; font-size: 18pt;\">Descubre el amazonas con una autentica familia amaz\u00f3nica<\/p>\n<p>[\/vc_column_text][\/vc_column_inner][\/vc_row_inner][\/vc_column][\/vc_row][vc_row content_placement=&#8221;middle&#8221; conditional_render=&#8221;%5B%7B%22value_role%22%3A%22administrator%22%7D%5D&#8221; css=&#8221;.vc_custom_1730943468620{margin-top: 6% !important;}&#8221;][vc_column][vc_column_text css_animation=&#8221;zoomIn&#8221;]<\/p>\n<p style=\"font-size: 12pt; text-align: justify;\">Jangada Tours es una operadora tur\u00edstica familiar reconocida por sus tours de selva personalizados. La calidez y autenticidad de su personal se debe a que sus propietarios son de dos pueblos ind\u00edgenas amaz\u00f3nicos, Yucuna y Ticuna, que te permitir\u00e1n descubrir la asombrosa selva y su cultura ind\u00edgena sin m\u00e1scaras. Contamos con m\u00e1s de una d\u00e9cada de experiencia con gu\u00edas experimentados, que te facilitar\u00e1n explorar el amazonas, la diversidad de sus paisajes, su exuberante vegetaci\u00f3n, la riqueza de su fauna y, por supuesto, comprender a su gente.<\/p>\n<p>[\/vc_column_text][vc_row_inner content_placement=&#8221;middle&#8221;][vc_column_inner width=&#8221;2\/3&#8243;][vc_column_text css_animation=&#8221;zoomIn&#8221;]<\/p>\n<p style=\"font-size: 12pt; text-align: justify;\">Nuestra filosof\u00eda empresarial busca contribuir al crecimiento del ecoturismo en la regi\u00f3n con criterios de sostenibilidad, trato justo y causando el menor impacto ambiental y cultural. Por esto, distribuimos la operaci\u00f3n tur\u00edstica en distintas comunidades, permitiendo que los prestadores locales puedan seguir desarrollando actividades como la pesca o la agricultura tradicional. evitando que el turismo reemplace espacios tradicionales.<\/p>\n<p style=\"font-size: 12pt; text-align: justify;\">Involucramos a j\u00f3venes, mujeres y ancianos sabedores, empleamos una red de personas que van desde transporte fluvial y terrestre, gu\u00edas locales, restaurantes familiares, hasta proveedores locales de alimentos. De esta forma te garantizamos que la inversi\u00f3n que realizas en tu viaje sea percibida por una gran cadena de nuestros colaboradores.<\/p>\n<p>[\/vc_column_text][\/vc_column_inner][vc_column_inner width=&#8221;1\/3&#8243;][vc_single_image image=&#8221;13&#8243; img_size=&#8221;full&#8221; animation_type=&#8221;zoomIn&#8221;][\/vc_column_inner][\/vc_row_inner][\/vc_column][\/vc_row]<\/p>\n<\/div>","protected":false},"excerpt":{"rendered":"<p>[vc_row full_width=&#8221;stretch_row_content_no_spaces&#8221; css_animation=&#8221;zoomIn&#8221; css=&#8221;.vc_custom_1730986240341{padding-top: 6% !important;padding-right: 8% !important;padding-bottom: 3% !important;padding-left: 8% !important;}&#8221; conditional_render=&#8221;%5B%7B%22value_role%22%3A%22administrator%22%7D%5D&#8221; el_class=&#8221;seo-block-home text-center color-white&#8221;][vc_column][vc_row_inner][vc_column_inner][vc_column_text] QUIENES SOMOS Descubre el amazonas con una autentica familia amaz\u00f3nica [\/vc_column_text][\/vc_column_inner][\/vc_row_inner][\/vc_column][\/vc_row][vc_row content_placement=&#8221;middle&#8221; conditional_render=&#8221;%5B%7B%22value_role%22%3A%22administrator%22%7D%5D&#8221; css=&#8221;.vc_custom_1730943468620{margin-top: 6% !important;}&#8221;][vc_column][vc_column_text css_animation=&#8221;zoomIn&#8221;] Jangada Tours es una operadora tur\u00edstica familiar reconocida por sus tours de selva personalizados. La calidez y autenticidad de su personal se [&hellip;]<\/p>\n","protected":false},"author":1,"featured_media":0,"parent":0,"menu_order":0,"comment_status":"closed","ping_status":"closed","template":"","meta":{"_joinchat":[],"footnotes":""},"class_list":["post-23","page","type-page","status-publish","hentry"],"yoast_head":"<!-- This site is optimized with the Yoast SEO plugin v27.1.1 - https:\/\/yoast.com\/product\/yoast-seo-wordpress\/ -->\n<title>Nosotros - La Jangadamazonas<\/title>\n<meta name=\"robots\" content=\"index, follow, max-snippet:-1, max-image-preview:large, max-video-preview:-1\" \/>\n<link rel=\"canonical\" href=\"https:\/\/www.lajangadamazonas.com\/spanish\/nosotros\/\" \/>\n<meta property=\"og:locale\" content=\"es_ES\" \/>\n<meta property=\"og:type\" content=\"article\" \/>\n<meta property=\"og:title\" content=\"Nosotros - La Jangadamazonas\" \/>\n<meta property=\"og:description\" content=\"[vc_row full_width=&#8221;stretch_row_content_no_spaces&#8221; css_animation=&#8221;zoomIn&#8221; css=&#8221;.vc_custom_1730986240341{padding-top: 6% !important;padding-right: 8% !important;padding-bottom: 3% !important;padding-left: 8% !important;}&#8221; conditional_render=&#8221;%5B%7B%22value_role%22%3A%22administrator%22%7D%5D&#8221; el_class=&#8221;seo-block-home text-center color-white&#8221;][vc_column][vc_row_inner][vc_column_inner][vc_column_text] QUIENES SOMOS Descubre el amazonas con una autentica familia amaz\u00f3nica [\/vc_column_text][\/vc_column_inner][\/vc_row_inner][\/vc_column][\/vc_row][vc_row content_placement=&#8221;middle&#8221; conditional_render=&#8221;%5B%7B%22value_role%22%3A%22administrator%22%7D%5D&#8221; css=&#8221;.vc_custom_1730943468620{margin-top: 6% !important;}&#8221;][vc_column][vc_column_text css_animation=&#8221;zoomIn&#8221;] Jangada Tours es una operadora tur\u00edstica familiar reconocida por sus tours de selva personalizados. La calidez y autenticidad de su personal se [&hellip;]\" \/>\n<meta property=\"og:url\" content=\"https:\/\/www.lajangadamazonas.com\/spanish\/nosotros\/\" \/>\n<meta property=\"og:site_name\" content=\"La Jangadamazonas\" \/>\n<meta property=\"article:publisher\" content=\"https:\/\/www.facebook.com\/LaJangada\/?profile_tab_item_selected=about&amp;_rdr\" \/>\n<meta property=\"article:modified_time\" content=\"2024-11-16T17:15:24+00:00\" \/>\n<meta name=\"twitter:card\" content=\"summary_large_image\" \/>\n<meta name=\"twitter:label1\" content=\"Tiempo de lectura\" \/>\n\t<meta name=\"twitter:data1\" content=\"2 minutos\" \/>\n<script type=\"application\/ld+json\" class=\"yoast-schema-graph\">{\"@context\":\"https:\/\/schema.org\",\"@graph\":[{\"@type\":\"WebPage\",\"@id\":\"https:\/\/www.lajangadamazonas.com\/spanish\/nosotros\/\",\"url\":\"https:\/\/www.lajangadamazonas.com\/spanish\/nosotros\/\",\"name\":\"Nosotros - La Jangadamazonas\",\"isPartOf\":{\"@id\":\"https:\/\/www.lajangadamazonas.com\/spanish\/#website\"},\"datePublished\":\"2024-11-06T23:19:29+00:00\",\"dateModified\":\"2024-11-16T17:15:24+00:00\",\"breadcrumb\":{\"@id\":\"https:\/\/www.lajangadamazonas.com\/spanish\/nosotros\/#breadcrumb\"},\"inLanguage\":\"es-CO\",\"potentialAction\":[{\"@type\":\"ReadAction\",\"target\":[\"https:\/\/www.lajangadamazonas.com\/spanish\/nosotros\/\"]}]},{\"@type\":\"BreadcrumbList\",\"@id\":\"https:\/\/www.lajangadamazonas.com\/spanish\/nosotros\/#breadcrumb\",\"itemListElement\":[{\"@type\":\"ListItem\",\"position\":1,\"name\":\"Inicio\",\"item\":\"https:\/\/www.lajangadamazonas.com\/spanish\/\"},{\"@type\":\"ListItem\",\"position\":2,\"name\":\"Nosotros\"}]},{\"@type\":\"WebSite\",\"@id\":\"https:\/\/www.lajangadamazonas.com\/spanish\/#website\",\"url\":\"https:\/\/www.lajangadamazonas.com\/spanish\/\",\"name\":\"La Jangadamazonas\",\"description\":\"Planes tur\u00edsticos en el Amazonas\",\"potentialAction\":[{\"@type\":\"SearchAction\",\"target\":{\"@type\":\"EntryPoint\",\"urlTemplate\":\"https:\/\/www.lajangadamazonas.com\/spanish\/?s={search_term_string}\"},\"query-input\":{\"@type\":\"PropertyValueSpecification\",\"valueRequired\":true,\"valueName\":\"search_term_string\"}}],\"inLanguage\":\"es-CO\"}]}<\/script>\n<!-- \/ Yoast SEO plugin. -->","yoast_head_json":{"title":"Nosotros - La Jangadamazonas","robots":{"index":"index","follow":"follow","max-snippet":"max-snippet:-1","max-image-preview":"max-image-preview:large","max-video-preview":"max-video-preview:-1"},"canonical":"https:\/\/www.lajangadamazonas.com\/spanish\/nosotros\/","og_locale":"es_ES","og_type":"article","og_title":"Nosotros - La Jangadamazonas","og_description":"[vc_row full_width=&#8221;stretch_row_content_no_spaces&#8221; css_animation=&#8221;zoomIn&#8221; css=&#8221;.vc_custom_1730986240341{padding-top: 6% !important;padding-right: 8% !important;padding-bottom: 3% !important;padding-left: 8% !important;}&#8221; conditional_render=&#8221;%5B%7B%22value_role%22%3A%22administrator%22%7D%5D&#8221; el_class=&#8221;seo-block-home text-center color-white&#8221;][vc_column][vc_row_inner][vc_column_inner][vc_column_text] QUIENES SOMOS Descubre el amazonas con una autentica familia amaz\u00f3nica [\/vc_column_text][\/vc_column_inner][\/vc_row_inner][\/vc_column][\/vc_row][vc_row content_placement=&#8221;middle&#8221; conditional_render=&#8221;%5B%7B%22value_role%22%3A%22administrator%22%7D%5D&#8221; css=&#8221;.vc_custom_1730943468620{margin-top: 6% !important;}&#8221;][vc_column][vc_column_text css_animation=&#8221;zoomIn&#8221;] Jangada Tours es una operadora tur\u00edstica familiar reconocida por sus tours de selva personalizados. La calidez y autenticidad de su personal se [&hellip;]","og_url":"https:\/\/www.lajangadamazonas.com\/spanish\/nosotros\/","og_site_name":"La Jangadamazonas","article_publisher":"https:\/\/www.facebook.com\/LaJangada\/?profile_tab_item_selected=about&_rdr","article_modified_time":"2024-11-16T17:15:24+00:00","twitter_card":"summary_large_image","twitter_misc":{"Tiempo de lectura":"2 minutos"},"schema":{"@context":"https:\/\/schema.org","@graph":[{"@type":"WebPage","@id":"https:\/\/www.lajangadamazonas.com\/spanish\/nosotros\/","url":"https:\/\/www.lajangadamazonas.com\/spanish\/nosotros\/","name":"Nosotros - La Jangadamazonas","isPartOf":{"@id":"https:\/\/www.lajangadamazonas.com\/spanish\/#website"},"datePublished":"2024-11-06T23:19:29+00:00","dateModified":"2024-11-16T17:15:24+00:00","breadcrumb":{"@id":"https:\/\/www.lajangadamazonas.com\/spanish\/nosotros\/#breadcrumb"},"inLanguage":"es-CO","potentialAction":[{"@type":"ReadAction","target":["https:\/\/www.lajangadamazonas.com\/spanish\/nosotros\/"]}]},{"@type":"BreadcrumbList","@id":"https:\/\/www.lajangadamazonas.com\/spanish\/nosotros\/#breadcrumb","itemListElement":[{"@type":"ListItem","position":1,"name":"Inicio","item":"https:\/\/www.lajangadamazonas.com\/spanish\/"},{"@type":"ListItem","position":2,"name":"Nosotros"}]},{"@type":"WebSite","@id":"https:\/\/www.lajangadamazonas.com\/spanish\/#website","url":"https:\/\/www.lajangadamazonas.com\/spanish\/","name":"La Jangadamazonas","description":"Planes tur\u00edsticos en el Amazonas","potentialAction":[{"@type":"SearchAction","target":{"@type":"EntryPoint","urlTemplate":"https:\/\/www.lajangadamazonas.com\/spanish\/?s={search_term_string}"},"query-input":{"@type":"PropertyValueSpecification","valueRequired":true,"valueName":"search_term_string"}}],"inLanguage":"es-CO"}]}},"_links":{"self":[{"href":"https:\/\/www.lajangadamazonas.com\/spanish\/wp-json\/wp\/v2\/pages\/23","targetHints":{"allow":["GET"]}}],"collection":[{"href":"https:\/\/www.lajangadamazonas.com\/spanish\/wp-json\/wp\/v2\/pages"}],"about":[{"href":"https:\/\/www.lajangadamazonas.com\/spanish\/wp-json\/wp\/v2\/types\/page"}],"author":[{"embeddable":true,"href":"https:\/\/www.lajangadamazonas.com\/spanish\/wp-json\/wp\/v2\/users\/1"}],"replies":[{"embeddable":true,"href":"https:\/\/www.lajangadamazonas.com\/spanish\/wp-json\/wp\/v2\/comments?post=23"}],"version-history":[{"count":0,"href":"https:\/\/www.lajangadamazonas.com\/spanish\/wp-json\/wp\/v2\/pages\/23\/revisions"}],"wp:attachment":[{"href":"https:\/\/www.lajangadamazonas.com\/spanish\/wp-json\/wp\/v2\/media?parent=23"}],"curies":[{"name":"wp","href":"https:\/\/api.w.org\/{rel}","templated":true}]}}